{"id":85559,"date":"2021-06-28T12:41:19","date_gmt":"2021-06-28T12:41:19","guid":{"rendered":"https:\/\/tcman.com\/legalitat-i-privacitat\/"},"modified":"2024-02-13T07:00:00","modified_gmt":"2024-02-13T07:00:00","slug":"politica-de-privacitat","status":"publish","type":"page","link":"https:\/\/tcman.com\/ca\/politica-de-privacitat\/","title":{"rendered":"pol\u00edtica de privacitat"},"content":{"rendered":"<div class=\"wpb-content-wrapper\"><p>[vc_row row_height_percent=&#8221;0&#8243; override_padding=&#8221;yes&#8221; h_padding=&#8221;2&#8243; top_padding=&#8221;3&#8243; bottom_padding=&#8221;0&#8243; overlay_alpha=&#8221;50&#8243; gutter_size=&#8221;4&#8243; column_width_percent=&#8221;100&#8243; shift_y=&#8221;0&#8243; z_index=&#8221;0&#8243; top_divider=&#8221;gradient&#8221; bottom_divider=&#8221;step&#8221; inverted_device_order=&#8221;yes&#8221; row_name=&#8221;privacy&#8221;][vc_column column_width_percent=&#8221;100&#8243; position_vertical=&#8221;middle&#8221; gutter_size=&#8221;2&#8243; font_family=&#8221;font-329340&#8243; overlay_alpha=&#8221;50&#8243; shift_x=&#8221;0&#8243; shift_y=&#8221;0&#8243; shift_y_down=&#8221;0&#8243; z_index=&#8221;0&#8243; medium_width=&#8221;4&#8243; align_mobile=&#8221;align_center_mobile&#8221; mobile_width=&#8221;0&#8243; css_animation=&#8221;bottom-t-top&#8221; animation_delay=&#8221;200&#8243; width=&#8221;2\/12&#8243;][\/vc_column][vc_column column_width_percent=&#8221;100&#8243; align_horizontal=&#8221;align_center&#8221; gutter_size=&#8221;2&#8243; font_family=&#8221;font-767598&#8243; overlay_alpha=&#8221;50&#8243; shift_x=&#8221;0&#8243; shift_y=&#8221;0&#8243; shift_y_down=&#8221;0&#8243; z_index=&#8221;0&#8243; medium_width=&#8221;0&#8243; mobile_width=&#8221;0&#8243; css_animation=&#8221;bottom-t-top&#8221; animation_delay=&#8221;100&#8243; width=&#8221;8\/12&#8243;][vc_custom_heading text_color=&#8221;accent&#8221; text_font=&#8221;font-767598&#8243; text_weight=&#8221;600&#8243;]Pol\u00edtica de privacitat[\/vc_custom_heading][vc_empty_space empty_h=&#8221;2&#8243; medium_visibility=&#8221;yes&#8221; mobile_visibility=&#8221;yes&#8221;][\/vc_column][vc_column width=&#8221;2\/12&#8243;][\/vc_column][\/vc_row][vc_row row_height_percent=&#8221;0&#8243; override_padding=&#8221;yes&#8221; h_padding=&#8221;0&#8243; top_padding=&#8221;0&#8243; bottom_padding=&#8221;2&#8243; overlay_alpha=&#8221;50&#8243; gutter_size=&#8221;4&#8243; column_width_percent=&#8221;100&#8243; shift_y=&#8221;0&#8243; z_index=&#8221;0&#8243; top_divider=&#8221;gradient&#8221; bottom_divider=&#8221;step&#8221; inverted_device_order=&#8221;yes&#8221;][vc_column column_width_percent=&#8221;100&#8243; position_vertical=&#8221;middle&#8221; gutter_size=&#8221;2&#8243; font_family=&#8221;font-329340&#8243; overlay_alpha=&#8221;50&#8243; shift_x=&#8221;0&#8243; shift_y=&#8221;0&#8243; shift_y_down=&#8221;0&#8243; z_index=&#8221;0&#8243; medium_width=&#8221;4&#8243; align_mobile=&#8221;align_center_mobile&#8221; mobile_width=&#8221;0&#8243; css_animation=&#8221;bottom-t-top&#8221; animation_delay=&#8221;200&#8243; width=&#8221;2\/12&#8243;][\/vc_column][vc_column column_width_percent=&#8221;100&#8243; gutter_size=&#8221;3&#8243; font_family=&#8221;font-767598&#8243; overlay_alpha=&#8221;50&#8243; shift_x=&#8221;0&#8243; shift_y=&#8221;0&#8243; shift_y_down=&#8221;0&#8243; z_index=&#8221;0&#8243; medium_width=&#8221;0&#8243; mobile_width=&#8221;0&#8243; css_animation=&#8221;bottom-t-top&#8221; animation_delay=&#8221;100&#8243; width=&#8221;8\/12&#8243;][vc_column_text]TCMAN, d&#8217;acord amb la legislaci\u00f3 vigent en mat\u00e8ria de protecci\u00f3 de dades de car\u00e0cter personal, posa en coneixement dels usuaris de la p\u00e0gina web<a href=\"https:\/\/tcman.com\/ca\/\"> www.tcman.com<\/a> (en endavant, la P\u00e0gina) la Pol\u00edtica de Privadesa i Protecci\u00f3 de Dades que aplicar\u00e0 en el tractament de les dades personals que l&#8217;Usuari faciliti volunt\u00e0riament a l&#8217;accedir al seu web.<\/p>\n<p>L&#8217;Usuari, a l&#8217;proporcionar als TCMAN les seves dades de car\u00e0cter personal a trav\u00e9s dels formularis electr\u00f2nics del web, apartat de contacte i, si s&#8217;escau, a trav\u00e9s de la marcaci\u00f3 de la corresponent casella d&#8217;acceptaci\u00f3, consent expressament que TCMAN pugui tractar aquests dades en els termes d&#8217;aquesta cl\u00e0usula de Pol\u00edtica de Privadesa i Protecci\u00f3 de dades i per als fins aqu\u00ed expressats.<\/p>\n<p>TCMAN posa en coneixement dels usuaris de la P\u00e0gina, que les seves dades de car\u00e0cter personal nom\u00e9s podran obtenir-per al seu tractament quan siguin adequades, pertinents i no excessives en relaci\u00f3 amb l&#8217;\u00e0mbit i les finalitats determinades, expl\u00edcites i leg\u00edtimes per a les quals s&#8217;hagin obtingut . Seran cancel\u00b7lades quan hagin deixat de ser necess\u00e0ries o pertinents per a aquesta finalitat o quan ho demani el titular en l&#8217;exercici del seu dret de cancel\u00b7laci\u00f3.<\/p>\n<p>TCMAN manifesta el seu comprom\u00eds de complir amb la legislaci\u00f3 vigent en cada moment en mat\u00e8ria de protecci\u00f3 de dades.<\/p>\n<p>Les dades personals facilitades seran tractades per la Companyia i s&#8217;utilitzaran d&#8217;acord amb la seg\u00fcent informaci\u00f3.[\/vc_column_text][\/vc_column][vc_column width=&#8221;2\/12&#8243;][\/vc_column][\/vc_row][vc_row row_height_percent=&#8221;0&#8243; override_padding=&#8221;yes&#8221; h_padding=&#8221;0&#8243; top_padding=&#8221;0&#8243; bottom_padding=&#8221;1&#8243; overlay_alpha=&#8221;50&#8243; gutter_size=&#8221;4&#8243; column_width_percent=&#8221;100&#8243; shift_y=&#8221;0&#8243; z_index=&#8221;0&#8243; top_divider=&#8221;gradient&#8221; bottom_divider=&#8221;step&#8221; inverted_device_order=&#8221;yes&#8221;][vc_column column_width_percent=&#8221;100&#8243; position_vertical=&#8221;middle&#8221; gutter_size=&#8221;2&#8243; font_family=&#8221;font-329340&#8243; overlay_alpha=&#8221;50&#8243; shift_x=&#8221;0&#8243; shift_y=&#8221;0&#8243; shift_y_down=&#8221;0&#8243; z_index=&#8221;0&#8243; medium_width=&#8221;4&#8243; align_mobile=&#8221;align_center_mobile&#8221; mobile_width=&#8221;0&#8243; css_animation=&#8221;bottom-t-top&#8221; animation_delay=&#8221;200&#8243; width=&#8221;2\/12&#8243;][\/vc_column][vc_column column_width_percent=&#8221;100&#8243; gutter_size=&#8221;3&#8243; font_family=&#8221;font-767598&#8243; overlay_alpha=&#8221;50&#8243; shift_x=&#8221;0&#8243; shift_y=&#8221;0&#8243; shift_y_down=&#8221;0&#8243; z_index=&#8221;0&#8243; medium_width=&#8221;0&#8243; mobile_width=&#8221;0&#8243; css_animation=&#8221;bottom-t-top&#8221; animation_delay=&#8221;100&#8243; width=&#8221;8\/12&#8243;][vc_column_text]<strong>Quines dades de car\u00e0cter personal recollim i per a qu\u00e8 les fem servir?<\/strong>[\/vc_column_text][uncode_list]<\/p>\n<ul>\n<li>Dades recollides de manera directa: per la cumplimentaci\u00f3 volunt\u00e0ria de l&#8217;formulari de contacte.<\/li>\n<li>Dades recollides de manera indirecta mitjan\u00e7ant l&#8217;\u00fas de cookies: per estad\u00edstiques, per analitzar l&#8217;\u00fas que es fa de la nostra P\u00e0gina i facilitar serveis de valor afegit com el mapa d&#8217;ubicaci\u00f3 de les nostres oficines.<\/li>\n<\/ul>\n<p>[\/uncode_list][vc_column_text]<strong>A la taula que li mostrem a continuaci\u00f3 trobareu informaci\u00f3 m\u00e9s detallada sobre el tractament de les seves dades de car\u00e0cter personal, incloent-se els seg\u00fcents ep\u00edgrafs:<\/strong>[\/vc_column_text][uncode_list]<\/p>\n<ul>\n<li>Finalitats principals: S&#8217;identifica amb quina finalitat necessitem recollir les seves dades, \u00e9s a dir, per qu\u00e8 tractem la seva informaci\u00f3.<\/li>\n<li>Legitimaci\u00f3: Es detalla el motiu que ens habilita per poder tractar les seves dades.<\/li>\n<li>Terminis de conservaci\u00f3: S&#8217;identifica el termini concret de conservaci\u00f3 o els criteris que determinen aquest per\u00edode.<\/li>\n<li>Destinataris: Identifiquem, si s&#8217;escau, amb qui compartirem les seves dades de forma leg\u00edtima.<\/li>\n<li>Drets dels interessats: L&#8217;informem sobre els drets que l&#8217;assisteixen com a interessat en el tractament de les seves dades de car\u00e0cter personal.<\/li>\n<\/ul>\n<p>[\/uncode_list][\/vc_column][vc_column width=&#8221;2\/12&#8243;][\/vc_column][\/vc_row][vc_row row_height_percent=&#8221;0&#8243; override_padding=&#8221;yes&#8221; h_padding=&#8221;2&#8243; top_padding=&#8221;3&#8243; bottom_padding=&#8221;0&#8243; overlay_alpha=&#8221;50&#8243; gutter_size=&#8221;4&#8243; column_width_percent=&#8221;100&#8243; shift_y=&#8221;0&#8243; z_index=&#8221;0&#8243; top_divider=&#8221;gradient&#8221; bottom_divider=&#8221;step&#8221; inverted_device_order=&#8221;yes&#8221;][vc_column column_width_percent=&#8221;100&#8243; position_vertical=&#8221;middle&#8221; gutter_size=&#8221;2&#8243; font_family=&#8221;font-329340&#8243; overlay_alpha=&#8221;50&#8243; shift_x=&#8221;0&#8243; shift_y=&#8221;0&#8243; shift_y_down=&#8221;0&#8243; z_index=&#8221;0&#8243; medium_width=&#8221;4&#8243; align_mobile=&#8221;align_center_mobile&#8221; mobile_width=&#8221;0&#8243; css_animation=&#8221;bottom-t-top&#8221; animation_delay=&#8221;200&#8243; width=&#8221;2\/12&#8243;][\/vc_column][vc_column column_width_percent=&#8221;100&#8243; align_horizontal=&#8221;align_center&#8221; gutter_size=&#8221;2&#8243; font_family=&#8221;font-767598&#8243; overlay_alpha=&#8221;50&#8243; shift_x=&#8221;0&#8243; shift_y=&#8221;0&#8243; shift_y_down=&#8221;0&#8243; z_index=&#8221;0&#8243; medium_width=&#8221;0&#8243; mobile_width=&#8221;0&#8243; css_animation=&#8221;bottom-t-top&#8221; animation_delay=&#8221;100&#8243; width=&#8221;8\/12&#8243;][vc_custom_heading text_color=&#8221;accent&#8221; heading_semantic=&#8221;h3&#8243; text_font=&#8221;font-767598&#8243; text_size=&#8221;h3&#8243; text_weight=&#8221;600&#8243;]Informaci\u00f3 sobre protecci\u00f3 de dades de car\u00e0cter personal[\/vc_custom_heading][vc_empty_space empty_h=&#8221;2&#8243; medium_visibility=&#8221;yes&#8221; mobile_visibility=&#8221;yes&#8221;][\/vc_column][vc_column width=&#8221;2\/12&#8243;][\/vc_column][\/vc_row][vc_row row_height_percent=&#8221;0&#8243; override_padding=&#8221;yes&#8221; h_padding=&#8221;0&#8243; top_padding=&#8221;0&#8243; bottom_padding=&#8221;1&#8243; overlay_alpha=&#8221;50&#8243; gutter_size=&#8221;4&#8243; column_width_percent=&#8221;100&#8243; shift_y=&#8221;0&#8243; z_index=&#8221;0&#8243; top_divider=&#8221;gradient&#8221; bottom_divider=&#8221;step&#8221; inverted_device_order=&#8221;yes&#8221;][vc_column column_width_percent=&#8221;100&#8243; position_vertical=&#8221;middle&#8221; gutter_size=&#8221;2&#8243; font_family=&#8221;font-329340&#8243; overlay_alpha=&#8221;50&#8243; shift_x=&#8221;0&#8243; shift_y=&#8221;0&#8243; shift_y_down=&#8221;0&#8243; z_index=&#8221;0&#8243; medium_width=&#8221;4&#8243; align_mobile=&#8221;align_center_mobile&#8221; mobile_width=&#8221;0&#8243; css_animation=&#8221;bottom-t-top&#8221; animation_delay=&#8221;200&#8243; width=&#8221;2\/12&#8243;][\/vc_column][vc_column column_width_percent=&#8221;100&#8243; gutter_size=&#8221;3&#8243; font_family=&#8221;font-767598&#8243; overlay_alpha=&#8221;50&#8243; shift_x=&#8221;0&#8243; shift_y=&#8221;0&#8243; shift_y_down=&#8221;0&#8243; z_index=&#8221;0&#8243; medium_width=&#8221;0&#8243; mobile_width=&#8221;0&#8243; css_animation=&#8221;bottom-t-top&#8221; animation_delay=&#8221;100&#8243; width=&#8221;8\/12&#8243;][vc_column_text]<strong><span style=\"color: #e5007d;\">Responsable del tractament<\/span><\/strong><\/p>\n<p>Denominaci\u00f3 social: Tecnolog\u00eda en sus Manos, S.L.<br \/>\nNIF: B61397055<br \/>\nDirecci\u00f3: Passeig de Maragall, 120, Oficina 2 i 3.<br \/>\nTel\u00e8fon: +34 <a href=\"http:\/\/Tel: +34932917766\">932 917 766<\/a><br \/>\nEmail: <a href=\"mailto:info@tcman.com\">info@tcman.com<\/a><\/p>\n<p><strong><span style=\"color: #e5007d;\">Finalitats<\/span><\/strong>[\/vc_column_text][uncode_list]<\/p>\n<ul>\n<li>Formulari Contacte: atendre la sol\u00b7licitud d&#8217;informaci\u00f3 demanada a trav\u00e9s del formulari de contacte.<\/li>\n<li>Cookies: proporcionar estad\u00edstiques associades a l&#8217;\u00fas de la P\u00e0gina.<\/li>\n<\/ul>\n<p>[\/uncode_list][vc_column_text]<strong><span style=\"color: #e5007d;\">Legitimaci\u00f3 i conservaci\u00f3<\/span><\/strong><\/p>\n<p>La base per al tractament de les dades \u00e9s el consentiment prestat per l&#8217;usuari a l&#8217;marcar la casella d&#8217;acceptaci\u00f3.<\/p>\n<p>Els camps del formulari de contacte marcats amb un asterisc (*) tenen la consideraci\u00f3 de camps necessaris per gestionar l&#8217;objecte d&#8217;aquest. De no facilitar, no ser\u00e0 possible atendre la seva sol\u00b7licitud.<\/p>\n<p>Consulteu la nostra <a href=\"https:\/\/tcman.com\/ca\/politica-de-proteccion-de-datos\/\">pol\u00edtica de cookies<\/a> per obtenir informaci\u00f3 sobre les cookies necess\u00e0ries per al funcionament del web.[\/vc_column_text][uncode_list]<\/p>\n<ul>\n<li>Les dades de contacte es conservaran durant el temps necessari per atendre la seva consulta i no se sol\u00b7liciti la seva supressi\u00f3.<\/li>\n<li>Consulteu la nostra Pol\u00edtica de Cookies per identificar la vig\u00e8ncia de cada galeta.<\/li>\n<\/ul>\n<p>[\/uncode_list][vc_column_text]Destinataris de cessions i transfer\u00e8ncies internacionals.<\/p>\n<p>No s&#8217;han previst cessions de les seves dades a tercers.<\/p>\n<p>Responsables de serveis d&#8217;an\u00e0lisi web: La P\u00e0gina t\u00e9 habilitats els serveis de Google Analytics prestats per Google LLC. La interacci\u00f3 amb els usuaris per l&#8217;\u00fas d&#8217;aquesta eina implica la transfer\u00e8ncia internacional de dades, de tipus anal\u00edtic i t\u00e8cnic en relaci\u00f3 amb la P\u00e0gina.[\/vc_column_text][vc_column_text]<strong><span style=\"color: #e5007d;\">Drets dels interessats<\/span><\/strong><\/p>\n<p>Pot exercitar els seus drets d&#8217;acc\u00e9s, rectificaci\u00f3, supressi\u00f3, portabilitat i la limitaci\u00f3 o oposici\u00f3 dirigint-se per escrit a l&#8217;adre\u00e7a indicada anteriorment.<\/p>\n<p>Els interessats tenen dret a retirar el consentiment prestat.<\/p>\n<p>Els interessats tenen dret a reclamar davant l&#8217;Autoritat de Control (Ag\u00e8ncia Espanyola de Protecci\u00f3 de Dades: <a href=\"http:\/\/www.aepd.es\">www.aepd.es<\/a>).<\/p>\n<p>L&#8217;usuari ser\u00e0 l&#8217;\u00fanic responsable de la veracitat de les dades facilitades a la Companyia.<\/p>\n<p>Companyia adopta les mesures d&#8217;\u00edndole t\u00e8cnica i organitzativa necess\u00e0ries per garantir la seguretat de les dades de car\u00e0cter personal continguts en els mateixos i per evitar la seva alteraci\u00f3, p\u00e8rdua, tractament o acc\u00e9s no autoritzat, tenint en compte l&#8217;estat de la tecnologia, la naturalesa dels dades i els riscos als quals estan exposats.<\/p>\n<p>La P\u00e0gina disposa de el Certificat SSL (Secure Socket Layer), amb la finalitat de garantir la seguretat en la transmissi\u00f3 de dades entre el navegador i la nostra P\u00e0gina.<\/p>\n<p>El servidor segur estableix una connexi\u00f3 de manera que la informaci\u00f3 es transmet xifrada, que asseguren que nom\u00e9s sigui intel\u00b7ligible per al dispositiu de l&#8217;usuari i el de la P\u00e0gina. D&#8217;aquesta manera, a l&#8217;utilitzar el protocol SSL es garanteix:[\/vc_column_text][uncode_list]<\/p>\n<ul>\n<li>Que l&#8217;usuari est\u00e0 comunicant les seves dades a el centre servidor de la p\u00e0gina i no a qualsevol altre.<\/li>\n<li>Que entre l&#8217;usuari i la p\u00e0gina les dades es transmeten xifrades, evitant la seva possible lectura o manipulaci\u00f3 per tercers.<\/li>\n<\/ul>\n<p>[\/uncode_list][vc_column_text]Per verificar que es troba en un entorn segur, el Client ha de revisar que la direcci\u00f3 de la P\u00e0gina de verificaci\u00f3 comenci per https:\/\/<\/p>\n<p>Tamb\u00e9 pot identificar la P\u00e0gina com a segura quan aparegui la icona d&#8217;un cadenat a la barra de direcci\u00f3 del seu navegador.<\/p>\n<p>Finalment, tamb\u00e9 pot verificar la pres\u00e8ncia del certificat SSL comprovant les propietats de la P\u00e0gina en el seu navegador, per a aix\u00f2 haur\u00e0 de consultar les caracter\u00edstiques de la mateixa.<\/p>\n<p>Qualsevol canvi realitzat en la Pol\u00edtica de Privadesa i en les pr\u00e0ctiques d&#8217;administraci\u00f3 de la informaci\u00f3 es reflectir\u00e0 de forma oportuna, podent la Companyia afegir, modificar o eliminar l&#8217;esmentada pol\u00edtica de privacitat quan ho consideri necessari.<\/p>\n<p>En cap cas la Companyia modificar\u00e0 les pol\u00edtiques ni pr\u00e0ctiques per fer-les menys efica\u00e7os en la protecci\u00f3 de les dades personals dels nostres clients emmagatzemats anteriorment, sense el consentiment previ dels clients afectats.[\/vc_column_text][\/vc_column][vc_column width=&#8221;2\/12&#8243;][\/vc_column][\/vc_row][vc_row row_height_percent=&#8221;0&#8243; override_padding=&#8221;yes&#8221; h_padding=&#8221;0&#8243; top_padding=&#8221;2&#8243; bottom_padding=&#8221;3&#8243; overlay_alpha=&#8221;50&#8243; gutter_size=&#8221;4&#8243; column_width_percent=&#8221;100&#8243; shift_y=&#8221;0&#8243; z_index=&#8221;0&#8243; top_divider=&#8221;gradient&#8221; bottom_divider=&#8221;step&#8221; inverted_device_order=&#8221;yes&#8221;][vc_column column_width_percent=&#8221;100&#8243; position_vertical=&#8221;middle&#8221; gutter_size=&#8221;2&#8243; font_family=&#8221;font-329340&#8243; overlay_alpha=&#8221;50&#8243; shift_x=&#8221;0&#8243; shift_y=&#8221;0&#8243; shift_y_down=&#8221;0&#8243; z_index=&#8221;0&#8243; medium_width=&#8221;4&#8243; align_mobile=&#8221;align_center_mobile&#8221; mobile_width=&#8221;0&#8243; css_animation=&#8221;bottom-t-top&#8221; animation_delay=&#8221;200&#8243; width=&#8221;2\/12&#8243;][\/vc_column][vc_column column_width_percent=&#8221;100&#8243; gutter_size=&#8221;3&#8243; font_family=&#8221;font-767598&#8243; overlay_alpha=&#8221;50&#8243; shift_x=&#8221;0&#8243; shift_y=&#8221;0&#8243; shift_y_down=&#8221;0&#8243; z_index=&#8221;0&#8243; medium_width=&#8221;0&#8243; mobile_width=&#8221;0&#8243; css_animation=&#8221;bottom-t-top&#8221; animation_delay=&#8221;100&#8243; width=&#8221;8\/12&#8243;][vc_column_text]<span style=\"color: #e5007d;\">Darrera actualitzaci\u00f3: 19 de gener de 2021.<\/span>[\/vc_column_text][\/vc_column][vc_column width=&#8221;2\/12&#8243;][\/vc_column][\/vc_row]<\/p>\n<\/div>","protected":false},"excerpt":{"rendered":"<p>[vc_row row_height_percent=&#8221;0&#8243; override_padding=&#8221;yes&#8221; h_padding=&#8221;2&#8243; top_padding=&#8221;3&#8243; bottom_padding=&#8221;0&#8243; overlay_alpha=&#8221;50&#8243; gutter_size=&#8221;4&#8243; column_width_percent=&#8221;100&#8243; shift_y=&#8221;0&#8243; z_index=&#8221;0&#8243; top_divider=&#8221;gradient&#8221; bottom_divider=&#8221;step&#8221; inverted_device_order=&#8221;yes&#8221; row_name=&#8221;privacy&#8221;][vc_column column_width_percent=&#8221;100&#8243; position_vertical=&#8221;middle&#8221; gutter_size=&#8221;2&#8243; font_family=&#8221;font-329340&#8243; overlay_alpha=&#8221;50&#8243; [&hellip;]<\/p>\n","protected":false},"author":3,"featured_media":0,"parent":0,"menu_order":0,"comment_status":"closed","ping_status":"closed","template":"","meta":{"footnotes":""},"class_list":["post-85559","page","type-page","status-publish","hentry"],"yoast_head":"<!-- This site is optimized with the Yoast SEO plugin v26.1.1 - https:\/\/yoast.com\/wordpress\/plugins\/seo\/ -->\n<title>pol\u00edtica de privacitat - TCMAN<\/title>\n<meta name=\"robots\" content=\"index, follow, max-snippet:-1, max-image-preview:large, max-video-preview:-1\" \/>\n<link rel=\"canonical\" href=\"https:\/\/tcman.com\/politica-de-privacidad\/\" \/>\n<meta property=\"og:locale\" content=\"ca_ES\" \/>\n<meta property=\"og:type\" content=\"article\" \/>\n<meta property=\"og:title\" content=\"pol\u00edtica de privacitat - TCMAN\" \/>\n<meta property=\"og:description\" content=\"[vc_row row_height_percent=&#8221;0&#8243; override_padding=&#8221;yes&#8221; h_padding=&#8221;2&#8243; top_padding=&#8221;3&#8243; bottom_padding=&#8221;0&#8243; overlay_alpha=&#8221;50&#8243; gutter_size=&#8221;4&#8243; column_width_percent=&#8221;100&#8243; shift_y=&#8221;0&#8243; z_index=&#8221;0&#8243; top_divider=&#8221;gradient&#8221; bottom_divider=&#8221;step&#8221; inverted_device_order=&#8221;yes&#8221; row_name=&#8221;privacy&#8221;][vc_column column_width_percent=&#8221;100&#8243; position_vertical=&#8221;middle&#8221; gutter_size=&#8221;2&#8243; font_family=&#8221;font-329340&#8243; overlay_alpha=&#8221;50&#8243; [&hellip;]\" \/>\n<meta property=\"og:url\" content=\"https:\/\/tcman.com\/politica-de-privacidad\/\" \/>\n<meta property=\"og:site_name\" content=\"TCMAN\" \/>\n<meta property=\"article:modified_time\" content=\"2024-02-13T07:00:00+00:00\" \/>\n<meta name=\"twitter:card\" content=\"summary_large_image\" \/>\n<meta name=\"twitter:label1\" content=\"Temps estimat de lectura\" \/>\n\t<meta name=\"twitter:data1\" content=\"6 minuts\" \/>\n<script type=\"application\/ld+json\" class=\"yoast-schema-graph\">{\"@context\":\"https:\/\/schema.org\",\"@graph\":[{\"@type\":\"WebPage\",\"@id\":\"https:\/\/tcman.com\/politica-de-privacidad\/\",\"url\":\"https:\/\/tcman.com\/politica-de-privacidad\/\",\"name\":\"pol\u00edtica de privacitat - TCMAN\",\"isPartOf\":{\"@id\":\"https:\/\/tcman.com\/#website\"},\"datePublished\":\"2021-06-28T12:41:19+00:00\",\"dateModified\":\"2024-02-13T07:00:00+00:00\",\"breadcrumb\":{\"@id\":\"https:\/\/tcman.com\/politica-de-privacidad\/#breadcrumb\"},\"inLanguage\":\"ca\",\"potentialAction\":[{\"@type\":\"ReadAction\",\"target\":[\"https:\/\/tcman.com\/politica-de-privacidad\/\"]}]},{\"@type\":\"BreadcrumbList\",\"@id\":\"https:\/\/tcman.com\/politica-de-privacidad\/#breadcrumb\",\"itemListElement\":[{\"@type\":\"ListItem\",\"position\":1,\"name\":\"Portada\",\"item\":\"https:\/\/tcman.com\/ca\/\"},{\"@type\":\"ListItem\",\"position\":2,\"name\":\"pol\u00edtica de privacitat\"}]},{\"@type\":\"WebSite\",\"@id\":\"https:\/\/tcman.com\/#website\",\"url\":\"https:\/\/tcman.com\/\",\"name\":\"TCMAN\",\"description\":\"Especialistas GMAO, gesti\u00f3n activos, mantenimientos.\",\"potentialAction\":[{\"@type\":\"SearchAction\",\"target\":{\"@type\":\"EntryPoint\",\"urlTemplate\":\"https:\/\/tcman.com\/?s={search_term_string}\"},\"query-input\":{\"@type\":\"PropertyValueSpecification\",\"valueRequired\":true,\"valueName\":\"search_term_string\"}}],\"inLanguage\":\"ca\"}]}<\/script>\n<!-- \/ Yoast SEO plugin. -->","yoast_head_json":{"title":"pol\u00edtica de privacitat - TCMAN","robots":{"index":"index","follow":"follow","max-snippet":"max-snippet:-1","max-image-preview":"max-image-preview:large","max-video-preview":"max-video-preview:-1"},"canonical":"https:\/\/tcman.com\/politica-de-privacidad\/","og_locale":"ca_ES","og_type":"article","og_title":"pol\u00edtica de privacitat - TCMAN","og_description":"[vc_row row_height_percent=&#8221;0&#8243; override_padding=&#8221;yes&#8221; h_padding=&#8221;2&#8243; top_padding=&#8221;3&#8243; bottom_padding=&#8221;0&#8243; overlay_alpha=&#8221;50&#8243; gutter_size=&#8221;4&#8243; column_width_percent=&#8221;100&#8243; shift_y=&#8221;0&#8243; z_index=&#8221;0&#8243; top_divider=&#8221;gradient&#8221; bottom_divider=&#8221;step&#8221; inverted_device_order=&#8221;yes&#8221; row_name=&#8221;privacy&#8221;][vc_column column_width_percent=&#8221;100&#8243; position_vertical=&#8221;middle&#8221; gutter_size=&#8221;2&#8243; font_family=&#8221;font-329340&#8243; overlay_alpha=&#8221;50&#8243; [&hellip;]","og_url":"https:\/\/tcman.com\/politica-de-privacidad\/","og_site_name":"TCMAN","article_modified_time":"2024-02-13T07:00:00+00:00","twitter_card":"summary_large_image","twitter_misc":{"Temps estimat de lectura":"6 minuts"},"schema":{"@context":"https:\/\/schema.org","@graph":[{"@type":"WebPage","@id":"https:\/\/tcman.com\/politica-de-privacidad\/","url":"https:\/\/tcman.com\/politica-de-privacidad\/","name":"pol\u00edtica de privacitat - TCMAN","isPartOf":{"@id":"https:\/\/tcman.com\/#website"},"datePublished":"2021-06-28T12:41:19+00:00","dateModified":"2024-02-13T07:00:00+00:00","breadcrumb":{"@id":"https:\/\/tcman.com\/politica-de-privacidad\/#breadcrumb"},"inLanguage":"ca","potentialAction":[{"@type":"ReadAction","target":["https:\/\/tcman.com\/politica-de-privacidad\/"]}]},{"@type":"BreadcrumbList","@id":"https:\/\/tcman.com\/politica-de-privacidad\/#breadcrumb","itemListElement":[{"@type":"ListItem","position":1,"name":"Portada","item":"https:\/\/tcman.com\/ca\/"},{"@type":"ListItem","position":2,"name":"pol\u00edtica de privacitat"}]},{"@type":"WebSite","@id":"https:\/\/tcman.com\/#website","url":"https:\/\/tcman.com\/","name":"TCMAN","description":"Especialistas GMAO, gesti\u00f3n activos, mantenimientos.","potentialAction":[{"@type":"SearchAction","target":{"@type":"EntryPoint","urlTemplate":"https:\/\/tcman.com\/?s={search_term_string}"},"query-input":{"@type":"PropertyValueSpecification","valueRequired":true,"valueName":"search_term_string"}}],"inLanguage":"ca"}]}},"_links":{"self":[{"href":"https:\/\/tcman.com\/ca\/wp-json\/wp\/v2\/pages\/85559","targetHints":{"allow":["GET"]}}],"collection":[{"href":"https:\/\/tcman.com\/ca\/wp-json\/wp\/v2\/pages"}],"about":[{"href":"https:\/\/tcman.com\/ca\/wp-json\/wp\/v2\/types\/page"}],"author":[{"embeddable":true,"href":"https:\/\/tcman.com\/ca\/wp-json\/wp\/v2\/users\/3"}],"replies":[{"embeddable":true,"href":"https:\/\/tcman.com\/ca\/wp-json\/wp\/v2\/comments?post=85559"}],"version-history":[{"count":14,"href":"https:\/\/tcman.com\/ca\/wp-json\/wp\/v2\/pages\/85559\/revisions"}],"predecessor-version":[{"id":86013,"href":"https:\/\/tcman.com\/ca\/wp-json\/wp\/v2\/pages\/85559\/revisions\/86013"}],"wp:attachment":[{"href":"https:\/\/tcman.com\/ca\/wp-json\/wp\/v2\/media?parent=85559"}],"curies":[{"name":"wp","href":"https:\/\/api.w.org\/{rel}","templated":true}]}}