{"id":85551,"date":"2021-06-28T11:06:40","date_gmt":"2021-06-28T11:06:40","guid":{"rendered":"https:\/\/tcman.com\/politica-de-seguretat-dinformacio\/"},"modified":"2025-04-15T15:55:56","modified_gmt":"2025-04-15T15:55:56","slug":"politica-de-seguretat-dinformacio","status":"publish","type":"page","link":"https:\/\/tcman.com\/ca\/politica-de-seguretat-dinformacio\/","title":{"rendered":"Pol\u00edtica de seguretat d&#8217;informaci\u00f3"},"content":{"rendered":"<div class=\"wpb-content-wrapper\"><p>[vc_row row_height_percent=&#8221;0&#8243; override_padding=&#8221;yes&#8221; h_padding=&#8221;2&#8243; top_padding=&#8221;3&#8243; bottom_padding=&#8221;0&#8243; overlay_alpha=&#8221;50&#8243; gutter_size=&#8221;4&#8243; column_width_percent=&#8221;100&#8243; shift_y=&#8221;0&#8243; z_index=&#8221;0&#8243; top_divider=&#8221;gradient&#8221; bottom_divider=&#8221;step&#8221; inverted_device_order=&#8221;yes&#8221;][vc_column column_width_percent=&#8221;100&#8243; position_vertical=&#8221;middle&#8221; gutter_size=&#8221;2&#8243; font_family=&#8221;font-329340&#8243; overlay_alpha=&#8221;50&#8243; shift_x=&#8221;0&#8243; shift_y=&#8221;0&#8243; shift_y_down=&#8221;0&#8243; z_index=&#8221;0&#8243; medium_width=&#8221;4&#8243; align_mobile=&#8221;align_center_mobile&#8221; mobile_width=&#8221;0&#8243; css_animation=&#8221;bottom-t-top&#8221; animation_delay=&#8221;200&#8243; width=&#8221;2\/12&#8243;][\/vc_column][vc_column column_width_percent=&#8221;100&#8243; align_horizontal=&#8221;align_center&#8221; gutter_size=&#8221;2&#8243; font_family=&#8221;font-767598&#8243; overlay_alpha=&#8221;50&#8243; shift_x=&#8221;0&#8243; shift_y=&#8221;0&#8243; shift_y_down=&#8221;0&#8243; z_index=&#8221;0&#8243; medium_width=&#8221;0&#8243; mobile_width=&#8221;0&#8243; css_animation=&#8221;bottom-t-top&#8221; animation_delay=&#8221;100&#8243; width=&#8221;8\/12&#8243;][vc_custom_heading text_color=&#8221;accent&#8221; text_font=&#8221;font-767598&#8243; text_weight=&#8221;600&#8243;]Pol\u00edtica de seguretat d&#8217;informaci\u00f3[\/vc_custom_heading][vc_empty_space empty_h=&#8221;2&#8243; medium_visibility=&#8221;yes&#8221; mobile_visibility=&#8221;yes&#8221;][\/vc_column][vc_column width=&#8221;2\/12&#8243;][\/vc_column][\/vc_row][vc_row row_height_percent=&#8221;0&#8243; override_padding=&#8221;yes&#8221; h_padding=&#8221;2&#8243; top_padding=&#8221;3&#8243; bottom_padding=&#8221;0&#8243; overlay_alpha=&#8221;50&#8243; gutter_size=&#8221;4&#8243; column_width_percent=&#8221;100&#8243; shift_y=&#8221;0&#8243; z_index=&#8221;0&#8243; top_divider=&#8221;gradient&#8221; bottom_divider=&#8221;step&#8221; inverted_device_order=&#8221;yes&#8221;][vc_column column_width_percent=&#8221;100&#8243; position_vertical=&#8221;middle&#8221; gutter_size=&#8221;2&#8243; font_family=&#8221;font-329340&#8243; overlay_alpha=&#8221;50&#8243; shift_x=&#8221;0&#8243; shift_y=&#8221;0&#8243; shift_y_down=&#8221;0&#8243; z_index=&#8221;0&#8243; medium_width=&#8221;4&#8243; align_mobile=&#8221;align_center_mobile&#8221; mobile_width=&#8221;0&#8243; css_animation=&#8221;bottom-t-top&#8221; animation_delay=&#8221;200&#8243; width=&#8221;2\/12&#8243;][\/vc_column][vc_column column_width_percent=&#8221;100&#8243; align_horizontal=&#8221;align_center&#8221; gutter_size=&#8221;2&#8243; font_family=&#8221;font-767598&#8243; overlay_alpha=&#8221;50&#8243; shift_x=&#8221;0&#8243; shift_y=&#8221;0&#8243; shift_y_down=&#8221;0&#8243; z_index=&#8221;0&#8243; medium_width=&#8221;0&#8243; mobile_width=&#8221;0&#8243; css_animation=&#8221;bottom-t-top&#8221; animation_delay=&#8221;100&#8243; width=&#8221;8\/12&#8243;][vc_custom_heading text_color=&#8221;accent&#8221; heading_semantic=&#8221;h3&#8243; text_font=&#8221;font-767598&#8243; text_size=&#8221;h3&#8243; text_weight=&#8221;600&#8243;]Objectiu[\/vc_custom_heading][vc_empty_space empty_h=&#8221;2&#8243; medium_visibility=&#8221;yes&#8221; mobile_visibility=&#8221;yes&#8221;][\/vc_column][vc_column width=&#8221;2\/12&#8243;][\/vc_column][\/vc_row][vc_row row_height_percent=&#8221;0&#8243; override_padding=&#8221;yes&#8221; h_padding=&#8221;0&#8243; top_padding=&#8221;0&#8243; bottom_padding=&#8221;1&#8243; overlay_alpha=&#8221;50&#8243; gutter_size=&#8221;4&#8243; column_width_percent=&#8221;100&#8243; shift_y=&#8221;0&#8243; z_index=&#8221;0&#8243; top_divider=&#8221;gradient&#8221; bottom_divider=&#8221;step&#8221; inverted_device_order=&#8221;yes&#8221;][vc_column column_width_percent=&#8221;100&#8243; position_vertical=&#8221;middle&#8221; gutter_size=&#8221;2&#8243; font_family=&#8221;font-329340&#8243; overlay_alpha=&#8221;50&#8243; shift_x=&#8221;0&#8243; shift_y=&#8221;0&#8243; shift_y_down=&#8221;0&#8243; z_index=&#8221;0&#8243; medium_width=&#8221;4&#8243; align_mobile=&#8221;align_center_mobile&#8221; mobile_width=&#8221;0&#8243; css_animation=&#8221;bottom-t-top&#8221; animation_delay=&#8221;200&#8243; width=&#8221;2\/12&#8243;][\/vc_column][vc_column column_width_percent=&#8221;100&#8243; gutter_size=&#8221;3&#8243; font_family=&#8221;font-767598&#8243; overlay_alpha=&#8221;50&#8243; shift_x=&#8221;0&#8243; shift_y=&#8221;0&#8243; shift_y_down=&#8221;0&#8243; z_index=&#8221;0&#8243; medium_width=&#8221;0&#8243; mobile_width=&#8221;0&#8243; css_animation=&#8221;bottom-t-top&#8221; animation_delay=&#8221;100&#8243; width=&#8221;8\/12&#8243;][vc_column_text uncode_shortcode_id=&#8221;100336&#8243;]Tecnologia a Manos SL (TCMAN), per abordar els problemes relacionats amb la seguretat de la informaci\u00f3, emet la seg\u00fcent Pol\u00edtica de Seguretat de la Informaci\u00f3 en el marc del Sistema de Gesti\u00f3 de la Seguretat de la Informaci\u00f3 (SGSI) implementat a l&#8217;organitzaci\u00f3, d&#8217;acord amb la norma internacional de refer\u00e8ncia ISO\/IEC 27001:2022.<\/p>\n<p>El prop\u00f2sit i objectiu d&#8217;aquesta pol\u00edtica \u00e9s protegir els actius d&#8217;informaci\u00f3 de l&#8217;organitzaci\u00f3 davant de totes les amenaces (internes o externes, deliberades o accidentals), garantint la continu\u00eftat de les operacions, minimitzant els danys derivats d&#8217;incidents, maximitzant el rendiment de les inversions i aprofitant les oportunitats del sector <em>. implantaci\u00f3 i manteniment del programari de gesti\u00f3 de manteniment d&#8217;actius\u201d.<\/em>[\/vc_column_text][\/vc_column][vc_column width=&#8221;2\/12&#8243;][\/vc_column][\/vc_row][vc_row row_height_percent=&#8221;0&#8243; override_padding=&#8221;yes&#8221; h_padding=&#8221;2&#8243; top_padding=&#8221;3&#8243; bottom_padding=&#8221;0&#8243; overlay_alpha=&#8221;50&#8243; gutter_size=&#8221;4&#8243; column_width_percent=&#8221;100&#8243; shift_y=&#8221;0&#8243; z_index=&#8221;0&#8243; top_divider=&#8221;gradient&#8221; bottom_divider=&#8221;step&#8221; inverted_device_order=&#8221;yes&#8221;][vc_column column_width_percent=&#8221;100&#8243; position_vertical=&#8221;middle&#8221; gutter_size=&#8221;2&#8243; font_family=&#8221;font-329340&#8243; overlay_alpha=&#8221;50&#8243; shift_x=&#8221;0&#8243; shift_y=&#8221;0&#8243; shift_y_down=&#8221;0&#8243; z_index=&#8221;0&#8243; medium_width=&#8221;4&#8243; align_mobile=&#8221;align_center_mobile&#8221; mobile_width=&#8221;0&#8243; css_animation=&#8221;bottom-t-top&#8221; animation_delay=&#8221;200&#8243; width=&#8221;2\/12&#8243;][\/vc_column][vc_column column_width_percent=&#8221;100&#8243; align_horizontal=&#8221;align_center&#8221; gutter_size=&#8221;2&#8243; font_family=&#8221;font-767598&#8243; overlay_alpha=&#8221;50&#8243; shift_x=&#8221;0&#8243; shift_y=&#8221;0&#8243; shift_y_down=&#8221;0&#8243; z_index=&#8221;0&#8243; medium_width=&#8221;0&#8243; mobile_width=&#8221;0&#8243; css_animation=&#8221;bottom-t-top&#8221; animation_delay=&#8221;100&#8243; width=&#8221;8\/12&#8243;][vc_custom_heading text_color=&#8221;accent&#8221; heading_semantic=&#8221;h3&#8243; text_font=&#8221;font-767598&#8243; text_size=&#8221;h3&#8243; text_weight=&#8221;600&#8243;]Desenvolupament[\/vc_custom_heading][vc_empty_space empty_h=&#8221;2&#8243; medium_visibility=&#8221;yes&#8221; mobile_visibility=&#8221;yes&#8221;][\/vc_column][vc_column width=&#8221;2\/12&#8243;][\/vc_column][\/vc_row][vc_row row_height_percent=&#8221;0&#8243; override_padding=&#8221;yes&#8221; h_padding=&#8221;0&#8243; top_padding=&#8221;0&#8243; bottom_padding=&#8221;1&#8243; overlay_alpha=&#8221;50&#8243; gutter_size=&#8221;4&#8243; column_width_percent=&#8221;100&#8243; shift_y=&#8221;0&#8243; z_index=&#8221;0&#8243; top_divider=&#8221;gradient&#8221; bottom_divider=&#8221;step&#8221; inverted_device_order=&#8221;yes&#8221;][vc_column column_width_percent=&#8221;100&#8243; position_vertical=&#8221;middle&#8221; gutter_size=&#8221;2&#8243; font_family=&#8221;font-329340&#8243; overlay_alpha=&#8221;50&#8243; shift_x=&#8221;0&#8243; shift_y=&#8221;0&#8243; shift_y_down=&#8221;0&#8243; z_index=&#8221;0&#8243; medium_width=&#8221;4&#8243; align_mobile=&#8221;align_center_mobile&#8221; mobile_width=&#8221;0&#8243; css_animation=&#8221;bottom-t-top&#8221; animation_delay=&#8221;200&#8243; width=&#8221;2\/12&#8243;][\/vc_column][vc_column column_width_percent=&#8221;100&#8243; gutter_size=&#8221;3&#8243; font_family=&#8221;font-767598&#8243; overlay_alpha=&#8221;50&#8243; shift_x=&#8221;0&#8243; shift_y=&#8221;0&#8243; shift_y_down=&#8221;0&#8243; z_index=&#8221;0&#8243; medium_width=&#8221;0&#8243; mobile_width=&#8221;0&#8243; css_animation=&#8221;bottom-t-top&#8221; animation_delay=&#8221;100&#8243; width=&#8221;8\/12&#8243;][vc_column_text uncode_shortcode_id=&#8221;468993&#8243;]L&#8217;Alta Direcci\u00f3 de TCMAN ha aprovat aquesta Pol\u00edtica de Seguretat de la Informaci\u00f3, la qual \u00e9s aplicable obligat\u00f2riament per a tot el personal, contractistes, prove\u00efdors i tercers que accedeixin o gestionin informaci\u00f3 i sistemes. \u00c9s pol\u00edtica de TCMAN assegurar que:<\/p>\n<ul>\n<li>La informaci\u00f3 i els sistemes identificats com a vulnerables a ciberatacs es protegiran, garantint la confidencialitat, integritat i disponibilitat.<\/li>\n<\/ul>\n<ul>\n<li>Es compliran els requisits regulatoris, legislatius i normatius aplicables, incloent-hi el RGPD, la LOPDGDD, la LSSI-CE, la Llei de retenci\u00f3 de dades, el Reial decret 311\/2022 de l&#8217;ENS, la Directiva NIS II i altres normatives sectorials; revisant-se de forma peri\u00f2dica les actualitzacions de la legislaci\u00f3.<\/li>\n<\/ul>\n<ul>\n<li>Els controls i les mesures de seguretat es fonamentaran en un proc\u00e9s de gesti\u00f3 de riscos, realitzat de forma peri\u00f2dica i documentada, que sustente la selecci\u00f3 de controls i el tractament de riscos.<\/li>\n<\/ul>\n<ul>\n<li>Es desenvoluparan, mantindran i provaran plans de conting\u00e8ncia i recuperaci\u00f3 davant d&#8217;incidents de ciberseguretat, a fi d&#8217;assegurar la continu\u00eftat del negoci.<\/li>\n<\/ul>\n<ul>\n<li>La capacitaci\u00f3 i conscienciaci\u00f3 en ciberseguretat estaran disponibles i seran obligat\u00f2ries per a tot el personal, adaptant-se als diferents rols i responsabilitats.<\/li>\n<\/ul>\n<ul>\n<li>Totes les violacions de la seguretat de la informaci\u00f3 siguin reals o sospitades, seran informades immediatament i investigades pel responsable de Seguretat de la Informaci\u00f3, d&#8217;acord amb els procediments establerts per a la gesti\u00f3 d&#8217;incidents.<\/li>\n<\/ul>\n<ul>\n<li>Els tercers col\u00b7laboradors (prove\u00efdors, fabricants, etc.) seran supervisats en relaci\u00f3 amb els seus propis compromisos i pol\u00edtiques de seguretat, assegurant el compliment dels controls exigits per TCMAN.<\/li>\n<\/ul>\n<ul>\n<li>L&#8217;SGSI es millorar\u00e0 de forma cont\u00ednua mitjan\u00e7ant auditories internes, revisions de gesti\u00f3 i actualitzaci\u00f3 de controls en funci\u00f3 dels resultats de l&#8217;an\u00e0lisi de riscos i dels canvis a l&#8217;entorn.<\/li>\n<\/ul>\n<ul>\n<li>S&#8217;han establert procediments complementaris per donar suport a aquesta pol\u00edtica, incloent-hi la gesti\u00f3 d&#8217;incidents, el control d&#8217;accessos, la realitzaci\u00f3 de c\u00f2pies de seguretat, l&#8217;aplicaci\u00f3 de controls de codi malici\u00f3s (malware ), la gesti\u00f3 de contrasenyes i el xifratge, aix\u00ed com l&#8217;elaboraci\u00f3 i manteniment de l&#8217;inventari i classificaci\u00f3 d&#8217;actius.<\/li>\n<\/ul>\n<ul>\n<li>Es disposa d\u201fun procediment formal per a la gesti\u00f3 d\u201fexcepcions i per al\u201faplicaci\u00f3 de mesures disciplin\u00e0ries en cas d\u201fincompliment de la present pol\u00edtica.<\/li>\n<\/ul>\n<p>El rol i la responsabilitat del responsable de Seguretat de la Informaci\u00f3 consisteix a administrar la seguretat de la informaci\u00f3, assessorar en laplicaci\u00f3 de la pol\u00edtica i coordinar la gesti\u00f3 dincidents i mesures correctives.<\/p>\n<p>El propietari d&#8217;aquesta pol\u00edtica t\u00e9 la responsabilitat de revisar-la de forma peri\u00f2dica \u2013 almenys una vegada a l&#8217;any o davant de canvis significatius a l&#8217;entorn legal, tecnol\u00f2gic o de riscos \u2013 i de comunicar qualsevol actualitzaci\u00f3 a l&#8217;Alta Direcci\u00f3.<\/p>\n<p>Tots els caps de departament s\u00f3n responsables d&#8217;implementar aquesta pol\u00edtica en les seves \u00e0rees respectives, i cada empleat de TCMAN \u00e9s responsable de complir amb all\u00f2 establert en aquesta, aix\u00ed com amb els procediments i normatives que se&#8217;n derivin.[\/vc_column_text][\/vc_column][vc_column width=&#8221;2\/12&#8243;][\/vc_column][\/vc_row][vc_row row_height_percent=&#8221;0&#8243; override_padding=&#8221;yes&#8221; h_padding=&#8221;0&#8243; top_padding=&#8221;2&#8243; bottom_padding=&#8221;3&#8243; overlay_alpha=&#8221;50&#8243; gutter_size=&#8221;4&#8243; column_width_percent=&#8221;100&#8243; shift_y=&#8221;0&#8243; z_index=&#8221;0&#8243; top_divider=&#8221;gradient&#8221; bottom_divider=&#8221;step&#8221; inverted_device_order=&#8221;yes&#8221;][vc_column column_width_percent=&#8221;100&#8243; gutter_size=&#8221;2&#8243; font_family=&#8221;font-767598&#8243; overlay_alpha=&#8221;50&#8243; shift_x=&#8221;0&#8243; shift_y=&#8221;0&#8243; shift_y_down=&#8221;0&#8243; z_index=&#8221;0&#8243; medium_width=&#8221;0&#8243; mobile_width=&#8221;0&#8243; css_animation=&#8221;bottom-t-top&#8221; animation_delay=&#8221;100&#8243; width=&#8221;2\/12&#8243;][\/vc_column][vc_column column_width_percent=&#8221;100&#8243; gutter_size=&#8221;3&#8243; overlay_alpha=&#8221;50&#8243; shift_x=&#8221;0&#8243; shift_y=&#8221;0&#8243; shift_y_down=&#8221;0&#8243; z_index=&#8221;0&#8243; medium_width=&#8221;0&#8243; mobile_width=&#8221;0&#8243; css_animation=&#8221;bottom-t-top&#8221; animation_delay=&#8221;200&#8243; width=&#8221;8\/12&#8243;][vc_row_inner limit_content=&#8221;&#8221;][vc_column_inner column_width_percent=&#8221;100&#8243; gutter_size=&#8221;3&#8243; overlay_alpha=&#8221;50&#8243; shift_x=&#8221;0&#8243; shift_y=&#8221;0&#8243; shift_y_down=&#8221;0&#8243; z_index=&#8221;0&#8243; medium_width=&#8221;0&#8243; mobile_width=&#8221;0&#8243; css_animation=&#8221;bottom-t-top&#8221; animation_delay=&#8221;100&#8243; width=&#8221;1\/3&#8243;][vc_column_text uncode_shortcode_id=&#8221;503698&#8243;]<span style=\"color: #e5007d;\">Codi: 5.2 PL-SI<\/span>[\/vc_column_text][\/vc_column_inner][vc_column_inner column_width_percent=&#8221;100&#8243; gutter_size=&#8221;3&#8243; overlay_alpha=&#8221;50&#8243; shift_x=&#8221;0&#8243; shift_y=&#8221;0&#8243; shift_y_down=&#8221;0&#8243; z_index=&#8221;0&#8243; medium_width=&#8221;0&#8243; mobile_width=&#8221;0&#8243; css_animation=&#8221;bottom-t-top&#8221; animation_delay=&#8221;200&#8243; width=&#8221;1\/3&#8243;][vc_column_text]<span style=\"color: #e5007d;\">Creat per: Eloy Ortega<\/span><br \/>\n<span style=\"color: #e5007d;\">C\u00e0rrec: CEO<\/span>[\/vc_column_text][\/vc_column_inner][vc_column_inner column_width_percent=&#8221;100&#8243; gutter_size=&#8221;3&#8243; overlay_alpha=&#8221;50&#8243; shift_x=&#8221;0&#8243; shift_y=&#8221;0&#8243; shift_y_down=&#8221;0&#8243; z_index=&#8221;0&#8243; medium_width=&#8221;0&#8243; mobile_width=&#8221;0&#8243; css_animation=&#8221;bottom-t-top&#8221; animation_delay=&#8221;300&#8243; width=&#8221;1\/3&#8243;][vc_column_text uncode_shortcode_id=&#8221;892689&#8243;]<\/p>\n<p class=\"p1\"><span style=\"color: #e5007d;\">Classificaci\u00f3: P\u00fablic<\/span><br \/>\n<span style=\"color: #e5007d;\">Data: 15\/04\/2025<\/span><\/p>\n<p>[\/vc_column_text][\/vc_column_inner][\/vc_row_inner][\/vc_column][vc_column column_width_percent=&#8221;100&#8243; gutter_size=&#8221;2&#8243; overlay_alpha=&#8221;50&#8243; shift_x=&#8221;0&#8243; shift_y=&#8221;0&#8243; shift_y_down=&#8221;0&#8243; z_index=&#8221;0&#8243; medium_width=&#8221;0&#8243; mobile_width=&#8221;0&#8243; css_animation=&#8221;bottom-t-top&#8221; animation_delay=&#8221;300&#8243; width=&#8221;2\/12&#8243;][\/vc_column][\/vc_row]<\/p>\n<\/div>","protected":false},"excerpt":{"rendered":"<p>[vc_row row_height_percent=&#8221;0&#8243; override_padding=&#8221;yes&#8221; h_padding=&#8221;2&#8243; top_padding=&#8221;3&#8243; bottom_padding=&#8221;0&#8243; overlay_alpha=&#8221;50&#8243; gutter_size=&#8221;4&#8243; column_width_percent=&#8221;100&#8243; shift_y=&#8221;0&#8243; z_index=&#8221;0&#8243; top_divider=&#8221;gradient&#8221; bottom_divider=&#8221;step&#8221; inverted_device_order=&#8221;yes&#8221;][vc_column column_width_percent=&#8221;100&#8243; position_vertical=&#8221;middle&#8221; gutter_size=&#8221;2&#8243; font_family=&#8221;font-329340&#8243; overlay_alpha=&#8221;50&#8243; shift_x=&#8221;0&#8243; [&hellip;]<\/p>\n","protected":false},"author":3,"featured_media":0,"parent":0,"menu_order":0,"comment_status":"closed","ping_status":"closed","template":"","meta":{"footnotes":""},"class_list":["post-85551","page","type-page","status-publish","hentry"],"yoast_head":"<!-- This site is optimized with the Yoast SEO plugin v26.1.1 - https:\/\/yoast.com\/wordpress\/plugins\/seo\/ -->\n<title>Pol\u00edtica de seguretat d&#039;informaci\u00f3 - TCMAN<\/title>\n<meta name=\"robots\" content=\"index, follow, max-snippet:-1, max-image-preview:large, max-video-preview:-1\" \/>\n<link rel=\"canonical\" href=\"https:\/\/tcman.com\/politica-de-seguridad-de-informacion\/\" \/>\n<meta property=\"og:locale\" content=\"ca_ES\" \/>\n<meta property=\"og:type\" content=\"article\" \/>\n<meta property=\"og:title\" content=\"Pol\u00edtica de seguretat d&#039;informaci\u00f3 - TCMAN\" \/>\n<meta property=\"og:description\" content=\"[vc_row row_height_percent=&#8221;0&#8243; override_padding=&#8221;yes&#8221; h_padding=&#8221;2&#8243; top_padding=&#8221;3&#8243; bottom_padding=&#8221;0&#8243; overlay_alpha=&#8221;50&#8243; gutter_size=&#8221;4&#8243; column_width_percent=&#8221;100&#8243; shift_y=&#8221;0&#8243; z_index=&#8221;0&#8243; top_divider=&#8221;gradient&#8221; bottom_divider=&#8221;step&#8221; inverted_device_order=&#8221;yes&#8221;][vc_column column_width_percent=&#8221;100&#8243; position_vertical=&#8221;middle&#8221; gutter_size=&#8221;2&#8243; font_family=&#8221;font-329340&#8243; overlay_alpha=&#8221;50&#8243; shift_x=&#8221;0&#8243; [&hellip;]\" \/>\n<meta property=\"og:url\" content=\"https:\/\/tcman.com\/politica-de-seguridad-de-informacion\/\" \/>\n<meta property=\"og:site_name\" content=\"TCMAN\" \/>\n<meta property=\"article:modified_time\" content=\"2025-04-15T15:55:56+00:00\" \/>\n<meta name=\"twitter:card\" content=\"summary_large_image\" \/>\n<meta name=\"twitter:label1\" content=\"Temps estimat de lectura\" \/>\n\t<meta name=\"twitter:data1\" content=\"8 minuts\" \/>\n<script type=\"application\/ld+json\" class=\"yoast-schema-graph\">{\"@context\":\"https:\/\/schema.org\",\"@graph\":[{\"@type\":\"WebPage\",\"@id\":\"https:\/\/tcman.com\/politica-de-seguridad-de-informacion\/\",\"url\":\"https:\/\/tcman.com\/politica-de-seguridad-de-informacion\/\",\"name\":\"Pol\u00edtica de seguretat d'informaci\u00f3 - TCMAN\",\"isPartOf\":{\"@id\":\"https:\/\/tcman.com\/#website\"},\"datePublished\":\"2021-06-28T11:06:40+00:00\",\"dateModified\":\"2025-04-15T15:55:56+00:00\",\"breadcrumb\":{\"@id\":\"https:\/\/tcman.com\/politica-de-seguridad-de-informacion\/#breadcrumb\"},\"inLanguage\":\"ca\",\"potentialAction\":[{\"@type\":\"ReadAction\",\"target\":[\"https:\/\/tcman.com\/politica-de-seguridad-de-informacion\/\"]}]},{\"@type\":\"BreadcrumbList\",\"@id\":\"https:\/\/tcman.com\/politica-de-seguridad-de-informacion\/#breadcrumb\",\"itemListElement\":[{\"@type\":\"ListItem\",\"position\":1,\"name\":\"Portada\",\"item\":\"https:\/\/tcman.com\/ca\/\"},{\"@type\":\"ListItem\",\"position\":2,\"name\":\"Pol\u00edtica de seguretat d&#8217;informaci\u00f3\"}]},{\"@type\":\"WebSite\",\"@id\":\"https:\/\/tcman.com\/#website\",\"url\":\"https:\/\/tcman.com\/\",\"name\":\"TCMAN\",\"description\":\"Especialistas GMAO, gesti\u00f3n activos, mantenimientos.\",\"potentialAction\":[{\"@type\":\"SearchAction\",\"target\":{\"@type\":\"EntryPoint\",\"urlTemplate\":\"https:\/\/tcman.com\/?s={search_term_string}\"},\"query-input\":{\"@type\":\"PropertyValueSpecification\",\"valueRequired\":true,\"valueName\":\"search_term_string\"}}],\"inLanguage\":\"ca\"}]}<\/script>\n<!-- \/ Yoast SEO plugin. -->","yoast_head_json":{"title":"Pol\u00edtica de seguretat d'informaci\u00f3 - TCMAN","robots":{"index":"index","follow":"follow","max-snippet":"max-snippet:-1","max-image-preview":"max-image-preview:large","max-video-preview":"max-video-preview:-1"},"canonical":"https:\/\/tcman.com\/politica-de-seguridad-de-informacion\/","og_locale":"ca_ES","og_type":"article","og_title":"Pol\u00edtica de seguretat d'informaci\u00f3 - TCMAN","og_description":"[vc_row row_height_percent=&#8221;0&#8243; override_padding=&#8221;yes&#8221; h_padding=&#8221;2&#8243; top_padding=&#8221;3&#8243; bottom_padding=&#8221;0&#8243; overlay_alpha=&#8221;50&#8243; gutter_size=&#8221;4&#8243; column_width_percent=&#8221;100&#8243; shift_y=&#8221;0&#8243; z_index=&#8221;0&#8243; top_divider=&#8221;gradient&#8221; bottom_divider=&#8221;step&#8221; inverted_device_order=&#8221;yes&#8221;][vc_column column_width_percent=&#8221;100&#8243; position_vertical=&#8221;middle&#8221; gutter_size=&#8221;2&#8243; font_family=&#8221;font-329340&#8243; overlay_alpha=&#8221;50&#8243; shift_x=&#8221;0&#8243; [&hellip;]","og_url":"https:\/\/tcman.com\/politica-de-seguridad-de-informacion\/","og_site_name":"TCMAN","article_modified_time":"2025-04-15T15:55:56+00:00","twitter_card":"summary_large_image","twitter_misc":{"Temps estimat de lectura":"8 minuts"},"schema":{"@context":"https:\/\/schema.org","@graph":[{"@type":"WebPage","@id":"https:\/\/tcman.com\/politica-de-seguridad-de-informacion\/","url":"https:\/\/tcman.com\/politica-de-seguridad-de-informacion\/","name":"Pol\u00edtica de seguretat d'informaci\u00f3 - TCMAN","isPartOf":{"@id":"https:\/\/tcman.com\/#website"},"datePublished":"2021-06-28T11:06:40+00:00","dateModified":"2025-04-15T15:55:56+00:00","breadcrumb":{"@id":"https:\/\/tcman.com\/politica-de-seguridad-de-informacion\/#breadcrumb"},"inLanguage":"ca","potentialAction":[{"@type":"ReadAction","target":["https:\/\/tcman.com\/politica-de-seguridad-de-informacion\/"]}]},{"@type":"BreadcrumbList","@id":"https:\/\/tcman.com\/politica-de-seguridad-de-informacion\/#breadcrumb","itemListElement":[{"@type":"ListItem","position":1,"name":"Portada","item":"https:\/\/tcman.com\/ca\/"},{"@type":"ListItem","position":2,"name":"Pol\u00edtica de seguretat d&#8217;informaci\u00f3"}]},{"@type":"WebSite","@id":"https:\/\/tcman.com\/#website","url":"https:\/\/tcman.com\/","name":"TCMAN","description":"Especialistas GMAO, gesti\u00f3n activos, mantenimientos.","potentialAction":[{"@type":"SearchAction","target":{"@type":"EntryPoint","urlTemplate":"https:\/\/tcman.com\/?s={search_term_string}"},"query-input":{"@type":"PropertyValueSpecification","valueRequired":true,"valueName":"search_term_string"}}],"inLanguage":"ca"}]}},"_links":{"self":[{"href":"https:\/\/tcman.com\/ca\/wp-json\/wp\/v2\/pages\/85551","targetHints":{"allow":["GET"]}}],"collection":[{"href":"https:\/\/tcman.com\/ca\/wp-json\/wp\/v2\/pages"}],"about":[{"href":"https:\/\/tcman.com\/ca\/wp-json\/wp\/v2\/types\/page"}],"author":[{"embeddable":true,"href":"https:\/\/tcman.com\/ca\/wp-json\/wp\/v2\/users\/3"}],"replies":[{"embeddable":true,"href":"https:\/\/tcman.com\/ca\/wp-json\/wp\/v2\/comments?post=85551"}],"version-history":[{"count":15,"href":"https:\/\/tcman.com\/ca\/wp-json\/wp\/v2\/pages\/85551\/revisions"}],"predecessor-version":[{"id":86174,"href":"https:\/\/tcman.com\/ca\/wp-json\/wp\/v2\/pages\/85551\/revisions\/86174"}],"wp:attachment":[{"href":"https:\/\/tcman.com\/ca\/wp-json\/wp\/v2\/media?parent=85551"}],"curies":[{"name":"wp","href":"https:\/\/api.w.org\/{rel}","templated":true}]}}