{"id":85497,"date":"2021-06-28T08:45:06","date_gmt":"2021-06-28T08:45:06","guid":{"rendered":"https:\/\/tcman.com\/tcman\/"},"modified":"2021-06-29T10:55:51","modified_gmt":"2021-06-29T10:55:51","slug":"tcman","status":"publish","type":"page","link":"https:\/\/tcman.com\/ca\/tcman\/","title":{"rendered":"Tcman"},"content":{"rendered":"<div class=\"wpb-content-wrapper\"><p>[vc_row row_height_percent=&#8221;0&#8243; override_padding=&#8221;yes&#8221; h_padding=&#8221;2&#8243; top_padding=&#8221;4&#8243; bottom_padding=&#8221;4&#8243; overlay_alpha=&#8221;50&#8243; gutter_size=&#8221;3&#8243; column_width_percent=&#8221;100&#8243; shift_y=&#8221;0&#8243; z_index=&#8221;0&#8243; inverted_device_order=&#8221;yes&#8221;][vc_column column_width_percent=&#8221;100&#8243; align_horizontal=&#8221;align_center&#8221; gutter_size=&#8221;3&#8243; overlay_alpha=&#8221;50&#8243; shift_x=&#8221;0&#8243; shift_y=&#8221;0&#8243; shift_y_down=&#8221;0&#8243; z_index=&#8221;0&#8243; align_medium=&#8221;align_center_tablet&#8221; medium_width=&#8221;0&#8243; align_mobile=&#8221;align_center_mobile&#8221; mobile_width=&#8221;0&#8243; css_animation=&#8221;bottom-t-top&#8221; animation_delay=&#8221;100&#8243; width=&#8221;6\/12&#8243;][vc_single_image media=&#8221;84417&#8243; media_width_percent=&#8221;100&#8243;][\/vc_column][vc_column width=&#8221;1\/12&#8243;][\/vc_column][vc_column column_width_percent=&#8221;100&#8243; position_vertical=&#8221;middle&#8221; gutter_size=&#8221;2&#8243; overlay_alpha=&#8221;50&#8243; shift_x=&#8221;0&#8243; shift_y=&#8221;0&#8243; shift_y_down=&#8221;0&#8243; z_index=&#8221;0&#8243; align_medium=&#8221;align_left_tablet&#8221; medium_width=&#8221;0&#8243; align_mobile=&#8221;align_left_mobile&#8221; mobile_width=&#8221;0&#8243; css_animation=&#8221;bottom-t-top&#8221; animation_delay=&#8221;200&#8243; width=&#8221;5\/12&#8243;][vc_custom_heading heading_semantic=&#8221;h5&#8243; text_font=&#8221;font-767598&#8243; text_size=&#8221;h5&#8243; text_weight=&#8221;500&#8243; text_color=&#8221;color-118581&#8243;]Tcman avui en dia[\/vc_custom_heading][vc_custom_heading text_font=&#8221;font-767598&#8243; text_weight=&#8221;600&#8243; text_color=&#8221;color-370385&#8243;]M\u00e9s de 30 anys d&#8217;experi\u00e8ncia ens avalen[\/vc_custom_heading][vc_empty_space empty_h=&#8221;2&#8243; medium_visibility=&#8221;yes&#8221; mobile_visibility=&#8221;yes&#8221;][vc_column_text]<\/p>\n<p class=\"p1\">Tcman \u00e9s una empresa consolidada a nivell internacional que ha impulsat al llarg de tres d\u00e8cades a m\u00e9s de 1.400 empreses a nivell mundial amb el seu programa GIM (Gesti\u00f3 Integral del Manteniment), aportant fiabilitat i proporcionant optimitzaci\u00f3 de recursos.<\/p>\n<p class=\"p1\">Tcman compta amb un equip de professionals especialitzats que treballen en el desenvolupament i la implementaci\u00f3 dels seus productes perqu\u00e8 GIM segueixi essent un referent en GMAO Asset Management.<\/p>\n<p class=\"p1\">El m\u00e9s important per a una empresa \u00e9s estar segura d\u2019encertar a l\u2019hora de fer una inversi\u00f3. Els resultats obtinguts per Tcman mitjan\u00e7ant el seu programa GIM ens permet assegurar que la seva elecci\u00f3 amb Tcman ser\u00e0 la m\u00e9s rendible, milers d\u2019empreses cada dia obtenen el benefici per la utilitzaci\u00f3 del nostre programa GIM.<\/p>\n<p>[\/vc_column_text][\/vc_column][\/vc_row][vc_row row_height_percent=&#8221;0&#8243; override_padding=&#8221;yes&#8221; h_padding=&#8221;2&#8243; top_padding=&#8221;4&#8243; bottom_padding=&#8221;2&#8243; back_color=&#8221;color-210654&#8243; overlay_alpha=&#8221;50&#8243; gutter_size=&#8221;3&#8243; column_width_percent=&#8221;100&#8243; shift_y=&#8221;0&#8243; z_index=&#8221;0&#8243; shape_dividers=&#8221;&#8221; row_name=&#8221;valors&#8221;][vc_column column_width_percent=&#8221;100&#8243; gutter_size=&#8221;2&#8243; overlay_alpha=&#8221;50&#8243; shift_x=&#8221;0&#8243; shift_y=&#8221;0&#8243; shift_y_down=&#8221;0&#8243; z_index=&#8221;0&#8243; medium_width=&#8221;0&#8243; mobile_width=&#8221;0&#8243; css_animation=&#8221;bottom-t-top&#8221; animation_delay=&#8221;100&#8243; width=&#8221;1\/1&#8243;][vc_custom_heading text_font=&#8221;font-767598&#8243; text_weight=&#8221;600&#8243; text_color=&#8221;color-370385&#8243;]Els nostres valors[\/vc_custom_heading][vc_empty_space empty_h=&#8221;2&#8243; medium_visibility=&#8221;yes&#8221; mobile_visibility=&#8221;yes&#8221;][\/vc_column][\/vc_row][vc_row row_height_percent=&#8221;0&#8243; override_padding=&#8221;yes&#8221; h_padding=&#8221;2&#8243; top_padding=&#8221;0&#8243; bottom_padding=&#8221;4&#8243; back_color=&#8221;color-210654&#8243; overlay_alpha=&#8221;50&#8243; gutter_size=&#8221;3&#8243; column_width_percent=&#8221;100&#8243; shift_y=&#8221;0&#8243; z_index=&#8221;0&#8243;][vc_column column_width_percent=&#8221;100&#8243; gutter_size=&#8221;2&#8243; overlay_alpha=&#8221;50&#8243; shift_x=&#8221;0&#8243; shift_y=&#8221;0&#8243; shift_y_down=&#8221;0&#8243; z_index=&#8221;0&#8243; medium_width=&#8221;0&#8243; mobile_width=&#8221;0&#8243; css_animation=&#8221;bottom-t-top&#8221; animation_delay=&#8221;100&#8243; width=&#8221;4\/12&#8243;][vc_column_text]<\/p>\n<p class=\"p1\">La nostra filosofia \u00e9s el treball ben fet per apropar-nos als nostres clients, adaptant-nos a cada tipus de necessitat empresarial.<\/p>\n<p class=\"p1\">Els nostres t\u00e8cnics tenen dedicaci\u00f3 exclusiva, permetent obtenir informaci\u00f3 de primera m\u00e0 de les necessitats de les empreses clients, gestionant els requeriments dels usuaris i optimitzant el temps per reduir costos.<\/p>\n<p class=\"p1\">Tcman s\u2019enorgulleix d\u2019oferir continu\u00eftat, innovaci\u00f3 i coher\u00e8ncia en la pol\u00edtica dels seus productes i serveis.<\/p>\n<p>[\/vc_column_text][\/vc_column][vc_column width=&#8221;1\/12&#8243;][\/vc_column][vc_column column_width_percent=&#8221;100&#8243; gutter_size=&#8221;1&#8243; overlay_alpha=&#8221;50&#8243; shift_x=&#8221;0&#8243; shift_y=&#8221;0&#8243; shift_y_down=&#8221;0&#8243; z_index=&#8221;0&#8243; medium_width=&#8221;0&#8243; mobile_width=&#8221;0&#8243; css_animation=&#8221;bottom-t-top&#8221; animation_delay=&#8221;200&#8243; width=&#8221;7\/12&#8243;][vc_column_text]<\/p>\n<p class=\"p1\">Les empreses han de fer front als reptes propis del mercat global i la crisi econ\u00f2mica mundial, reptes com:<\/p>\n<p>[\/vc_column_text][vc_empty_space empty_h=&#8221;2&#8243;][vc_icon position=&#8221;left&#8221; title_aligned_icon=&#8221;yes&#8221; icon=&#8221;fa fa-circle-check&#8221; icon_color=&#8221;color-118581&#8243; heading_semantic=&#8221;p&#8221; text_font=&#8221;font-767598&#8243; text_size=&#8221;&#8221; text_weight=&#8221;400&#8243; title=&#8221;Millorar la productivitat dels processos i centres.&#8221;][\/vc_icon][vc_icon position=&#8221;left&#8221; title_aligned_icon=&#8221;yes&#8221; icon=&#8221;fa fa-circle-check&#8221; icon_color=&#8221;color-118581&#8243; heading_semantic=&#8221;p&#8221; text_font=&#8221;font-767598&#8243; text_size=&#8221;&#8221; text_weight=&#8221;400&#8243; title=&#8221;Reduir costos innecessaris.&#8221;][\/vc_icon][vc_icon position=&#8221;left&#8221; title_aligned_icon=&#8221;yes&#8221; icon=&#8221;fa fa-circle-check&#8221; icon_color=&#8221;color-118581&#8243; heading_semantic=&#8221;p&#8221; text_font=&#8221;font-767598&#8243; text_size=&#8221;&#8221; text_weight=&#8221;400&#8243; title=&#8221;Augmentar la fiabilitat de tots els elements implicats en la producci\u00f3.&#8221;][\/vc_icon][vc_icon position=&#8221;left&#8221; title_aligned_icon=&#8221;yes&#8221; icon=&#8221;fa fa-circle-check&#8221; icon_color=&#8221;color-118581&#8243; heading_semantic=&#8221;p&#8221; text_font=&#8221;font-767598&#8243; text_size=&#8221;&#8221; text_weight=&#8221;400&#8243; title=&#8221;Gestionar la complexitat de les \u00faltimes tecnologies.&#8221;][\/vc_icon][vc_icon position=&#8221;left&#8221; title_aligned_icon=&#8221;yes&#8221; icon=&#8221;fa fa-circle-check&#8221; icon_color=&#8221;color-118581&#8243; heading_semantic=&#8221;p&#8221; text_font=&#8221;font-767598&#8243; text_size=&#8221;&#8221; text_weight=&#8221;400&#8243; title=&#8221;Integrar les solucions tecnol\u00f2giques en l&#8217;operativa quotidiana.&#8221;][\/vc_icon][vc_empty_space empty_h=&#8221;2&#8243;][vc_column_text]<\/p>\n<p class=\"p1\">Aquests reptes tenen soluci\u00f3 des de Tcman. Mitjan\u00e7ant el nostre programa GIM facilitant la gesti\u00f3 efica\u00e7 i eficient de les operacions de manteniment per crear entorns de treballs lliures d\u2019errors, orientats a millorar la qualitat, la productivitat, la qualitat del treball dels professionals de manteniment i optimitzar els seus costos globals.<\/p>\n<p>[\/vc_column_text][\/vc_column][\/vc_row][vc_row row_height_percent=&#8221;0&#8243; override_padding=&#8221;yes&#8221; h_padding=&#8221;2&#8243; top_padding=&#8221;4&#8243; bottom_padding=&#8221;4&#8243; overlay_alpha=&#8221;50&#8243; gutter_size=&#8221;3&#8243; column_width_percent=&#8221;100&#8243; shift_y=&#8221;0&#8243; z_index=&#8221;0&#8243;][vc_column column_width_percent=&#8221;100&#8243; gutter_size=&#8221;2&#8243; overlay_alpha=&#8221;50&#8243; shift_x=&#8221;0&#8243; shift_y=&#8221;0&#8243; shift_y_down=&#8221;0&#8243; z_index=&#8221;0&#8243; medium_width=&#8221;0&#8243; mobile_width=&#8221;0&#8243; css_animation=&#8221;bottom-t-top&#8221; animation_delay=&#8221;100&#8243; width=&#8221;5\/12&#8243;][vc_custom_heading text_font=&#8221;font-767598&#8243; text_weight=&#8221;600&#8243; text_color=&#8221;color-370385&#8243;]Seus &amp; Equip[\/vc_custom_heading][vc_empty_space empty_h=&#8221;2&#8243; medium_visibility=&#8221;yes&#8221; mobile_visibility=&#8221;yes&#8221;][vc_column_text]<\/p>\n<p class=\"p1\">Tcman compta amb una important xarxa comercial a Espanya i en molts altres pa\u00efsos. Coneixedors del significatiu que \u00e9s tenir un prove\u00efdor a prop, la nostra xarxa comercial segueix en expansi\u00f3. No importa el lloc on es trobi, les nostres empreses associades (o col\u00b7laboradores) li garanteixen un seguiment postvenda de qualitat i la possibilitat de fer modificacions espec\u00edfiques a GIM donant resposta a les seves necessitats particulars.<\/p>\n<p class=\"p1\">Tcman t\u00e9 delegacions a: Madrid, Lima i M\u00e8xic DF. Tamb\u00e9 disposa de representants locals a Am\u00e8rica. Per Tcman la proximitat cap al client \u00e9s molt important.<\/p>\n<p>[\/vc_column_text][\/vc_column][vc_column width=&#8221;2\/12&#8243;][\/vc_column][vc_column column_width_percent=&#8221;100&#8243; gutter_size=&#8221;2&#8243; overlay_alpha=&#8221;50&#8243; shift_x=&#8221;0&#8243; shift_y=&#8221;0&#8243; shift_y_down=&#8221;0&#8243; z_index=&#8221;0&#8243; medium_width=&#8221;0&#8243; mobile_width=&#8221;0&#8243; css_animation=&#8221;bottom-t-top&#8221; animation_delay=&#8221;200&#8243; width=&#8221;5\/12&#8243;][vc_custom_heading text_font=&#8221;font-767598&#8243; text_weight=&#8221;600&#8243; text_color=&#8221;color-370385&#8243;]Tecnologies[\/vc_custom_heading][vc_empty_space empty_h=&#8221;2&#8243; medium_visibility=&#8221;yes&#8221; mobile_visibility=&#8221;yes&#8221;][vc_column_text]<\/p>\n<p class=\"p1\">Tcman \u00e9s una empresa que implementa els \u00faltims aven\u00e7os tecnol\u00f2gics per fer m\u00e9s efica\u00e7 la tasca d\u2019adaptaci\u00f3 a les necessitats dels seus clients, per aix\u00f2 incorpora, segons necessitats, terminals m\u00f2bils, PDA\u2019S, etc.<\/p>\n<p>[\/vc_column_text][vc_empty_space empty_h=&#8221;2&#8243; medium_visibility=&#8221;yes&#8221; mobile_visibility=&#8221;yes&#8221;][vc_button button_color=&#8221;accent&#8221; radius=&#8221;btn-circle&#8221; hover_fx=&#8221;full-colored&#8221; border_width=&#8221;0&#8243; link=&#8221;url:%2Fwp-content%2Fuploads%2F2021%2F06%2FGIMv11_CAT.pdf|target:_blank&#8221;]descarrega el cat\u00e0leg \u2193[\/vc_button][\/vc_column][\/vc_row][vc_row row_height_percent=&#8221;0&#8243; override_padding=&#8221;yes&#8221; h_padding=&#8221;0&#8243; top_padding=&#8221;0&#8243; bottom_padding=&#8221;0&#8243; overlay_alpha=&#8221;50&#8243; gutter_size=&#8221;3&#8243; column_width_percent=&#8221;100&#8243; shift_y=&#8221;0&#8243; z_index=&#8221;0&#8243;][vc_column width=&#8221;1\/1&#8243;][vc_separator sep_color=&#8221;color-118581&#8243; el_height=&#8221;1px&#8221;][\/vc_column][\/vc_row][vc_row row_height_percent=&#8221;0&#8243; override_padding=&#8221;yes&#8221; h_padding=&#8221;0&#8243; top_padding=&#8221;4&#8243; bottom_padding=&#8221;0&#8243; overlay_alpha=&#8221;50&#8243; gutter_size=&#8221;3&#8243; column_width_percent=&#8221;100&#8243; shift_y=&#8221;0&#8243; z_index=&#8221;0&#8243; shape_dividers=&#8221;&#8221; row_name=&#8221;diferents&#8221;][vc_column column_width_percent=&#8221;100&#8243; align_horizontal=&#8221;align_center&#8221; gutter_size=&#8221;2&#8243; overlay_alpha=&#8221;50&#8243; shift_x=&#8221;0&#8243; shift_y=&#8221;0&#8243; shift_y_down=&#8221;0&#8243; z_index=&#8221;0&#8243; medium_width=&#8221;0&#8243; mobile_width=&#8221;0&#8243; css_animation=&#8221;bottom-t-top&#8221; animation_delay=&#8221;100&#8243; width=&#8221;1\/1&#8243;][vc_custom_heading heading_semantic=&#8221;h5&#8243; text_font=&#8221;font-767598&#8243; text_size=&#8221;h5&#8243; text_weight=&#8221;500&#8243; text_color=&#8221;color-118581&#8243;]Els nostres punts forts[\/vc_custom_heading][vc_custom_heading text_font=&#8221;font-767598&#8243; text_weight=&#8221;600&#8243; text_color=&#8221;color-370385&#8243;]Qu\u00e8 ens fa diferents?[\/vc_custom_heading][vc_empty_space empty_h=&#8221;2&#8243; medium_visibility=&#8221;yes&#8221; mobile_visibility=&#8221;yes&#8221;][\/vc_column][\/vc_row][vc_row][vc_column column_width_percent=&#8221;100&#8243; align_horizontal=&#8221;align_center&#8221; gutter_size=&#8221;3&#8243; overlay_alpha=&#8221;50&#8243; shift_x=&#8221;0&#8243; shift_y=&#8221;0&#8243; shift_y_down=&#8221;0&#8243; z_index=&#8221;0&#8243; medium_width=&#8221;0&#8243; mobile_width=&#8221;0&#8243; width=&#8221;1\/1&#8243;][vc_gallery el_id=&#8221;gallery-121580&#8243; type=&#8221;carousel&#8221; medias=&#8221;84493,84471,84476,84480,84487,84490&#8243; carousel_lg=&#8221;4&#8243; carousel_md=&#8221;2&#8243; carousel_sm=&#8221;1&#8243; gutter_size=&#8221;2&#8243; media_items=&#8221;media|nolink|original,title&#8221; carousel_height=&#8221;equal&#8221; carousel_interval=&#8221;3000&#8243; carousel_navspeed=&#8221;400&#8243; carousel_loop=&#8221;yes&#8221; carousel_dots=&#8221;yes&#8221; carousel_dots_mobile=&#8221;yes&#8221; stage_padding=&#8221;0&#8243; single_text=&#8221;under&#8221; single_style=&#8221;dark&#8221; single_back_color=&#8221;color-745089&#8243; single_overlay_opacity=&#8221;50&#8243; single_overlay_anim=&#8221;no&#8221; single_text_anim=&#8221;no&#8221; single_image_anim=&#8221;no&#8221; single_h_align=&#8221;center&#8221; single_v_position=&#8221;top&#8221; single_padding=&#8221;2&#8243; single_title_family=&#8221;font-767598&#8243; single_title_dimension=&#8221;h3&#8243; single_title_weight=&#8221;600&#8243; single_css_animation=&#8221;bottom-t-top&#8221; single_animation_delay=&#8221;100&#8243;][\/vc_column][\/vc_row][vc_row row_height_percent=&#8221;0&#8243; override_padding=&#8221;yes&#8221; h_padding=&#8221;2&#8243; top_padding=&#8221;1&#8243; bottom_padding=&#8221;4&#8243; overlay_alpha=&#8221;50&#8243; gutter_size=&#8221;3&#8243; column_width_percent=&#8221;100&#8243; shift_y=&#8221;0&#8243; z_index=&#8221;0&#8243;][vc_column width=&#8221;3\/12&#8243;][\/vc_column][vc_column column_width_percent=&#8221;100&#8243; align_horizontal=&#8221;align_center&#8221; gutter_size=&#8221;3&#8243; font_family=&#8221;font-767598&#8243; overlay_alpha=&#8221;50&#8243; shift_x=&#8221;0&#8243; shift_y=&#8221;0&#8243; shift_y_down=&#8221;0&#8243; z_index=&#8221;0&#8243; medium_width=&#8221;0&#8243; mobile_width=&#8221;0&#8243; css_animation=&#8221;bottom-t-top&#8221; animation_delay=&#8221;100&#8243; width=&#8221;6\/12&#8243;][vc_column_text]<\/p>\n<p class=\"p1\" style=\"text-align: center;\"><span class=\"s1\">Tcman \u00e9s una empresa consolidada internacionalment amb un gran prestigi en l\u2019\u00e0mbit del manteniment. Tcman ofereix un servei integral de consultoria denominat \u201cclau en m\u00e0\u201d, que permet elaborar un an\u00e0lisi de la situaci\u00f3 actual en la gesti\u00f3 d\u2019actius de l\u2019empresa i, a partir d\u2019un diagn\u00f2stic real, realitzar la implementaci\u00f3 del programari amb una optimitzaci\u00f3 de costos i temps. Tcman pot presumir de mantenir una elevada taxa de renovaci\u00f3 de contractes de manteniment del seu sistema, reconeixement a la capacitat i qualitat de resposta oferta en l\u2019atenci\u00f3 al client.<\/span><\/p>\n<p>[\/vc_column_text][\/vc_column][vc_column width=&#8221;3\/12&#8243;][\/vc_column][\/vc_row][vc_row row_height_percent=&#8221;0&#8243; override_padding=&#8221;yes&#8221; h_padding=&#8221;2&#8243; top_padding=&#8221;3&#8243; bottom_padding=&#8221;0&#8243; back_color=&#8221;color-854587&#8243; overlay_alpha=&#8221;50&#8243; gutter_size=&#8221;3&#8243; column_width_percent=&#8221;100&#8243; shift_y=&#8221;0&#8243; z_index=&#8221;0&#8243;][vc_column width=&#8221;3\/12&#8243;][\/vc_column][vc_column column_width_percent=&#8221;100&#8243; align_horizontal=&#8221;align_center&#8221; gutter_size=&#8221;2&#8243; overlay_alpha=&#8221;50&#8243; shift_x=&#8221;0&#8243; shift_y=&#8221;0&#8243; shift_y_down=&#8221;0&#8243; z_index=&#8221;0&#8243; medium_width=&#8221;0&#8243; mobile_width=&#8221;0&#8243; css_animation=&#8221;bottom-t-top&#8221; animation_delay=&#8221;100&#8243; width=&#8221;6\/12&#8243;][vc_custom_heading heading_semantic=&#8221;h5&#8243; text_font=&#8221;font-767598&#8243; text_size=&#8221;h5&#8243; text_weight=&#8221;500&#8243; text_color=&#8221;color-xsdn&#8221;]Gesti\u00f3 Integral de Manteniment[\/vc_custom_heading][vc_custom_heading text_font=&#8221;font-767598&#8243; text_weight=&#8221;600&#8243; text_color=&#8221;color-xsdn&#8221;]GMAO, amb &#8216;G&#8217; de GIM[\/vc_custom_heading][\/vc_column][vc_column width=&#8221;3\/12&#8243;][\/vc_column][\/vc_row][vc_row row_height_percent=&#8221;0&#8243; override_padding=&#8221;yes&#8221; h_padding=&#8221;2&#8243; top_padding=&#8221;2&#8243; bottom_padding=&#8221;0&#8243; back_color=&#8221;color-854587&#8243; overlay_alpha=&#8221;50&#8243; gutter_size=&#8221;3&#8243; column_width_percent=&#8221;100&#8243; shift_y=&#8221;0&#8243; z_index=&#8221;0&#8243;][vc_column column_width_percent=&#8221;100&#8243; align_horizontal=&#8221;align_right&#8221; gutter_size=&#8221;3&#8243; overlay_alpha=&#8221;50&#8243; shift_x=&#8221;0&#8243; shift_y=&#8221;0&#8243; shift_y_down=&#8221;0&#8243; z_index=&#8221;0&#8243; align_medium=&#8221;align_center_tablet&#8221; medium_width=&#8221;0&#8243; align_mobile=&#8221;align_center_mobile&#8221; mobile_width=&#8221;0&#8243; css_animation=&#8221;bottom-t-top&#8221; animation_delay=&#8221;100&#8243; width=&#8221;1\/2&#8243;][vc_button button_color=&#8221;color-370385&#8243; radius=&#8221;btn-circle&#8221; hover_fx=&#8221;full-colored&#8221; custom_typo=&#8221;yes&#8221; font_family=&#8221;font-767598&#8243; font_weight=&#8221;700&#8243; text_transform=&#8221;uppercase&#8221; border_width=&#8221;0&#8243; link=&#8221;url:%2Fca%2Fgim-v11%2F|title:Gim%20v11&#8243;]DESCOBREIX EL GIM V11 \u2192[\/vc_button][\/vc_column][vc_column column_width_percent=&#8221;100&#8243; gutter_size=&#8221;3&#8243; style=&#8221;dark&#8221; overlay_alpha=&#8221;50&#8243; shift_x=&#8221;0&#8243; shift_y=&#8221;0&#8243; shift_y_down=&#8221;0&#8243; z_index=&#8221;0&#8243; align_medium=&#8221;align_center_tablet&#8221; medium_width=&#8221;0&#8243; align_mobile=&#8221;align_center_mobile&#8221; mobile_width=&#8221;0&#8243; css_animation=&#8221;bottom-t-top&#8221; animation_delay=&#8221;100&#8243; width=&#8221;1\/2&#8243;][vc_button button_color=&#8221;color-xsdn&#8221; radius=&#8221;btn-circle&#8221; hover_fx=&#8221;full-colored&#8221; custom_typo=&#8221;yes&#8221; font_family=&#8221;font-767598&#8243; font_weight=&#8221;700&#8243; text_transform=&#8221;uppercase&#8221; border_width=&#8221;0&#8243; link=&#8221;url:%2Fca%2Fcontacto%2F|title:Contacte&#8221;]SOL\u00b7LICITA UNA DEMO \u2192[\/vc_button][\/vc_column][\/vc_row][vc_row row_height_percent=&#8221;0&#8243; back_color=&#8221;color-854587&#8243; overlay_alpha=&#8221;50&#8243; gutter_size=&#8221;3&#8243; column_width_percent=&#8221;100&#8243; shift_y=&#8221;0&#8243; z_index=&#8221;0&#8243;][vc_column width=&#8221;1\/1&#8243;][vc_empty_space empty_h=&#8221;2&#8243;][\/vc_column][\/vc_row]<\/p>\n<\/div>","protected":false},"excerpt":{"rendered":"<p>[vc_row row_height_percent=&#8221;0&#8243; override_padding=&#8221;yes&#8221; h_padding=&#8221;2&#8243; top_padding=&#8221;4&#8243; bottom_padding=&#8221;4&#8243; overlay_alpha=&#8221;50&#8243; gutter_size=&#8221;3&#8243; column_width_percent=&#8221;100&#8243; shift_y=&#8221;0&#8243; z_index=&#8221;0&#8243; inverted_device_order=&#8221;yes&#8221;][vc_column column_width_percent=&#8221;100&#8243; align_horizontal=&#8221;align_center&#8221; gutter_size=&#8221;3&#8243; overlay_alpha=&#8221;50&#8243; shift_x=&#8221;0&#8243; shift_y=&#8221;0&#8243; shift_y_down=&#8221;0&#8243; z_index=&#8221;0&#8243; [&hellip;]<\/p>\n","protected":false},"author":1,"featured_media":0,"parent":0,"menu_order":0,"comment_status":"closed","ping_status":"closed","template":"","meta":{"footnotes":""},"class_list":["post-85497","page","type-page","status-publish","hentry"],"yoast_head":"<!-- This site is optimized with the Yoast SEO plugin v26.1.1 - https:\/\/yoast.com\/wordpress\/plugins\/seo\/ -->\n<title>Tcman - TCMAN - a FRACTTAL Company<\/title>\n<meta name=\"robots\" content=\"index, follow, max-snippet:-1, max-image-preview:large, max-video-preview:-1\" \/>\n<link rel=\"canonical\" href=\"https:\/\/tcman.com\/tcman\/\" \/>\n<meta property=\"og:locale\" content=\"ca_ES\" \/>\n<meta property=\"og:type\" content=\"article\" \/>\n<meta property=\"og:title\" content=\"Tcman - TCMAN - a FRACTTAL Company\" \/>\n<meta property=\"og:description\" content=\"[vc_row row_height_percent=&#8221;0&#8243; override_padding=&#8221;yes&#8221; h_padding=&#8221;2&#8243; top_padding=&#8221;4&#8243; bottom_padding=&#8221;4&#8243; overlay_alpha=&#8221;50&#8243; gutter_size=&#8221;3&#8243; column_width_percent=&#8221;100&#8243; shift_y=&#8221;0&#8243; z_index=&#8221;0&#8243; inverted_device_order=&#8221;yes&#8221;][vc_column column_width_percent=&#8221;100&#8243; align_horizontal=&#8221;align_center&#8221; gutter_size=&#8221;3&#8243; overlay_alpha=&#8221;50&#8243; shift_x=&#8221;0&#8243; shift_y=&#8221;0&#8243; shift_y_down=&#8221;0&#8243; z_index=&#8221;0&#8243; [&hellip;]\" \/>\n<meta property=\"og:url\" content=\"https:\/\/tcman.com\/tcman\/\" \/>\n<meta property=\"og:site_name\" content=\"TCMAN - a FRACTTAL Company\" \/>\n<meta property=\"article:modified_time\" content=\"2021-06-29T10:55:51+00:00\" \/>\n<meta name=\"twitter:card\" content=\"summary_large_image\" \/>\n<meta name=\"twitter:label1\" content=\"Temps estimat de lectura\" \/>\n\t<meta name=\"twitter:data1\" content=\"10 minuts\" \/>\n<script type=\"application\/ld+json\" class=\"yoast-schema-graph\">{\"@context\":\"https:\/\/schema.org\",\"@graph\":[{\"@type\":\"WebPage\",\"@id\":\"https:\/\/tcman.com\/tcman\/\",\"url\":\"https:\/\/tcman.com\/tcman\/\",\"name\":\"Tcman - TCMAN - a FRACTTAL Company\",\"isPartOf\":{\"@id\":\"https:\/\/tcman.com\/#website\"},\"datePublished\":\"2021-06-28T08:45:06+00:00\",\"dateModified\":\"2021-06-29T10:55:51+00:00\",\"breadcrumb\":{\"@id\":\"https:\/\/tcman.com\/tcman\/#breadcrumb\"},\"inLanguage\":\"ca\",\"potentialAction\":[{\"@type\":\"ReadAction\",\"target\":[\"https:\/\/tcman.com\/tcman\/\"]}]},{\"@type\":\"BreadcrumbList\",\"@id\":\"https:\/\/tcman.com\/tcman\/#breadcrumb\",\"itemListElement\":[{\"@type\":\"ListItem\",\"position\":1,\"name\":\"Portada\",\"item\":\"https:\/\/tcman.com\/ca\/\"},{\"@type\":\"ListItem\",\"position\":2,\"name\":\"Tcman\"}]},{\"@type\":\"WebSite\",\"@id\":\"https:\/\/tcman.com\/#website\",\"url\":\"https:\/\/tcman.com\/\",\"name\":\"TCMAN - a FRACTTAL Company\",\"description\":\"Especialistas GMAO, gesti\u00f3n activos, mantenimientos.\",\"potentialAction\":[{\"@type\":\"SearchAction\",\"target\":{\"@type\":\"EntryPoint\",\"urlTemplate\":\"https:\/\/tcman.com\/?s={search_term_string}\"},\"query-input\":{\"@type\":\"PropertyValueSpecification\",\"valueRequired\":true,\"valueName\":\"search_term_string\"}}],\"inLanguage\":\"ca\"}]}<\/script>\n<!-- \/ Yoast SEO plugin. -->","yoast_head_json":{"title":"Tcman - TCMAN - a FRACTTAL Company","robots":{"index":"index","follow":"follow","max-snippet":"max-snippet:-1","max-image-preview":"max-image-preview:large","max-video-preview":"max-video-preview:-1"},"canonical":"https:\/\/tcman.com\/tcman\/","og_locale":"ca_ES","og_type":"article","og_title":"Tcman - TCMAN - a FRACTTAL Company","og_description":"[vc_row row_height_percent=&#8221;0&#8243; override_padding=&#8221;yes&#8221; h_padding=&#8221;2&#8243; top_padding=&#8221;4&#8243; bottom_padding=&#8221;4&#8243; overlay_alpha=&#8221;50&#8243; gutter_size=&#8221;3&#8243; column_width_percent=&#8221;100&#8243; shift_y=&#8221;0&#8243; z_index=&#8221;0&#8243; inverted_device_order=&#8221;yes&#8221;][vc_column column_width_percent=&#8221;100&#8243; align_horizontal=&#8221;align_center&#8221; gutter_size=&#8221;3&#8243; overlay_alpha=&#8221;50&#8243; shift_x=&#8221;0&#8243; shift_y=&#8221;0&#8243; shift_y_down=&#8221;0&#8243; z_index=&#8221;0&#8243; [&hellip;]","og_url":"https:\/\/tcman.com\/tcman\/","og_site_name":"TCMAN - a FRACTTAL Company","article_modified_time":"2021-06-29T10:55:51+00:00","twitter_card":"summary_large_image","twitter_misc":{"Temps estimat de lectura":"10 minuts"},"schema":{"@context":"https:\/\/schema.org","@graph":[{"@type":"WebPage","@id":"https:\/\/tcman.com\/tcman\/","url":"https:\/\/tcman.com\/tcman\/","name":"Tcman - TCMAN - a FRACTTAL Company","isPartOf":{"@id":"https:\/\/tcman.com\/#website"},"datePublished":"2021-06-28T08:45:06+00:00","dateModified":"2021-06-29T10:55:51+00:00","breadcrumb":{"@id":"https:\/\/tcman.com\/tcman\/#breadcrumb"},"inLanguage":"ca","potentialAction":[{"@type":"ReadAction","target":["https:\/\/tcman.com\/tcman\/"]}]},{"@type":"BreadcrumbList","@id":"https:\/\/tcman.com\/tcman\/#breadcrumb","itemListElement":[{"@type":"ListItem","position":1,"name":"Portada","item":"https:\/\/tcman.com\/ca\/"},{"@type":"ListItem","position":2,"name":"Tcman"}]},{"@type":"WebSite","@id":"https:\/\/tcman.com\/#website","url":"https:\/\/tcman.com\/","name":"TCMAN - a FRACTTAL Company","description":"Especialistas GMAO, gesti\u00f3n activos, mantenimientos.","potentialAction":[{"@type":"SearchAction","target":{"@type":"EntryPoint","urlTemplate":"https:\/\/tcman.com\/?s={search_term_string}"},"query-input":{"@type":"PropertyValueSpecification","valueRequired":true,"valueName":"search_term_string"}}],"inLanguage":"ca"}]}},"_links":{"self":[{"href":"https:\/\/tcman.com\/ca\/wp-json\/wp\/v2\/pages\/85497","targetHints":{"allow":["GET"]}}],"collection":[{"href":"https:\/\/tcman.com\/ca\/wp-json\/wp\/v2\/pages"}],"about":[{"href":"https:\/\/tcman.com\/ca\/wp-json\/wp\/v2\/types\/page"}],"author":[{"embeddable":true,"href":"https:\/\/tcman.com\/ca\/wp-json\/wp\/v2\/users\/1"}],"replies":[{"embeddable":true,"href":"https:\/\/tcman.com\/ca\/wp-json\/wp\/v2\/comments?post=85497"}],"version-history":[{"count":7,"href":"https:\/\/tcman.com\/ca\/wp-json\/wp\/v2\/pages\/85497\/revisions"}],"predecessor-version":[{"id":85751,"href":"https:\/\/tcman.com\/ca\/wp-json\/wp\/v2\/pages\/85497\/revisions\/85751"}],"wp:attachment":[{"href":"https:\/\/tcman.com\/ca\/wp-json\/wp\/v2\/media?parent=85497"}],"curies":[{"name":"wp","href":"https:\/\/api.w.org\/{rel}","templated":true}]}}