{"id":85460,"date":"2021-06-28T07:36:42","date_gmt":"2021-06-28T07:36:42","guid":{"rendered":"https:\/\/tcman.com\/telemetria\/"},"modified":"2021-06-28T14:40:47","modified_gmt":"2021-06-28T14:40:47","slug":"telemetria","status":"publish","type":"page","link":"https:\/\/tcman.com\/ca\/telemetria\/","title":{"rendered":"Telemetria"},"content":{"rendered":"<div class=\"wpb-content-wrapper\"><p>[vc_row row_height_percent=&#8221;0&#8243; override_padding=&#8221;yes&#8221; h_padding=&#8221;2&#8243; top_padding=&#8221;3&#8243; bottom_padding=&#8221;2&#8243; overlay_alpha=&#8221;50&#8243; gutter_size=&#8221;3&#8243; column_width_percent=&#8221;100&#8243; shift_y=&#8221;0&#8243; z_index=&#8221;0&#8243;][vc_column column_width_percent=&#8221;100&#8243; gutter_size=&#8221;0&#8243; overlay_alpha=&#8221;50&#8243; shift_x=&#8221;0&#8243; shift_y=&#8221;0&#8243; shift_y_down=&#8221;0&#8243; z_index=&#8221;0&#8243; medium_width=&#8221;0&#8243; mobile_width=&#8221;0&#8243; width=&#8221;1\/12&#8243;][\/vc_column][vc_column column_width_percent=&#8221;100&#8243; gutter_size=&#8221;2&#8243; style=&#8221;light&#8221; font_family=&#8221;font-767598&#8243; overlay_alpha=&#8221;50&#8243; shift_x=&#8221;0&#8243; shift_y=&#8221;0&#8243; shift_y_down=&#8221;0&#8243; z_index=&#8221;0&#8243; align_medium=&#8221;align_left_tablet&#8221; medium_width=&#8221;0&#8243; align_mobile=&#8221;align_left_mobile&#8221; mobile_width=&#8221;0&#8243; css_animation=&#8221;bottom-t-top&#8221; animation_delay=&#8221;100&#8243; width=&#8221;5\/12&#8243;][vc_column_text]Hem desenvolupat tota una enginyeria de presa (no invasiva) de dades en temps real per a vehicles, que ens proporciona informaci\u00f3 de ud\u00f2metre, hores de funcionament, temperatures d\u2019oli, anticongelant, c\u00e0rrega de motor, activaci\u00f3 o no de sistemes externs muntats en equips principals, utilitzaci\u00f3 del fre, accelerador, embragatge, i aix\u00ed fins a m\u00e9s de 70 variables (depenent del model de vehicle), a m\u00e9s de les posicions instant\u00e0nies i hist\u00f2riques, control de rutes a seguir, control de temps d\u2019inactivitat, seguiment de lliuraments, etc.[\/vc_column_text][\/vc_column][vc_column column_width_percent=&#8221;100&#8243; gutter_size=&#8221;2&#8243; style=&#8221;light&#8221; font_family=&#8221;font-767598&#8243; overlay_alpha=&#8221;50&#8243; shift_x=&#8221;0&#8243; shift_y=&#8221;0&#8243; shift_y_down=&#8221;0&#8243; z_index=&#8221;0&#8243; align_medium=&#8221;align_left_tablet&#8221; medium_width=&#8221;0&#8243; align_mobile=&#8221;align_left_mobile&#8221; mobile_width=&#8221;0&#8243; css_animation=&#8221;bottom-t-top&#8221; animation_delay=&#8221;200&#8243; width=&#8221;5\/12&#8243;][vc_column_text]<\/p>\n<p class=\"p1\">GIM llegeix les dades de les variables que s\u2019estan mesurant, aix\u00ed com els codis d\u2019avaria notificats pel vehicle i genera en temps real les ordres de treball tant preventives com correctives i predictives, incorporant-les als fluxos de treball del client.<\/p>\n<p>[\/vc_column_text][vc_button button_color=&#8221;accent&#8221; radius=&#8221;btn-circle&#8221; hover_fx=&#8221;full-colored&#8221; border_width=&#8221;0&#8243; link=&#8221;url:%2Fwp-content%2Fuploads%2F2021%2F06%2Ftcman_AVL.pdf|target:_blank&#8221;]descarrega el cat\u00e0leg \u2193[\/vc_button][\/vc_column][vc_column column_width_percent=&#8221;100&#8243; gutter_size=&#8221;0&#8243; overlay_alpha=&#8221;50&#8243; shift_x=&#8221;0&#8243; shift_y=&#8221;0&#8243; shift_y_down=&#8221;0&#8243; z_index=&#8221;0&#8243; medium_width=&#8221;0&#8243; mobile_width=&#8221;0&#8243; width=&#8221;1\/12&#8243;][\/vc_column][\/vc_row][vc_row row_height_percent=&#8221;0&#8243; override_padding=&#8221;yes&#8221; h_padding=&#8221;0&#8243; top_padding=&#8221;2&#8243; bottom_padding=&#8221;2&#8243; overlay_alpha=&#8221;50&#8243; gutter_size=&#8221;3&#8243; column_width_percent=&#8221;100&#8243; shift_y=&#8221;0&#8243; z_index=&#8221;0&#8243;][vc_column column_width_percent=&#8221;100&#8243; gutter_size=&#8221;3&#8243; style=&#8221;light&#8221; font_family=&#8221;font-767598&#8243; overlay_alpha=&#8221;50&#8243; shift_x=&#8221;0&#8243; shift_y=&#8221;0&#8243; shift_y_down=&#8221;0&#8243; z_index=&#8221;0&#8243; align_medium=&#8221;align_center_tablet&#8221; medium_width=&#8221;0&#8243; align_mobile=&#8221;align_center_mobile&#8221; mobile_width=&#8221;7&#8243; width=&#8221;1\/1&#8243;][vc_single_image media=&#8221;84386&#8243; media_width_percent=&#8221;100&#8243; alignment=&#8221;center&#8221; css_animation=&#8221;bottom-t-top&#8221; animation_delay=&#8221;100&#8243;][\/vc_column][\/vc_row][vc_row][vc_column column_width_percent=&#8221;100&#8243; gutter_size=&#8221;1&#8243; overlay_alpha=&#8221;50&#8243; shift_x=&#8221;0&#8243; shift_y=&#8221;0&#8243; shift_y_down=&#8221;0&#8243; z_index=&#8221;0&#8243; medium_width=&#8221;0&#8243; mobile_width=&#8221;0&#8243; css_animation=&#8221;bottom-t-top&#8221; animation_delay=&#8221;100&#8243; width=&#8221;1\/4&#8243;][vc_custom_heading text_font=&#8221;font-767598&#8243; text_color=&#8221;color-370385&#8243;]1[\/vc_custom_heading][vc_icon position=&#8221;left&#8221; title_aligned_icon=&#8221;yes&#8221; icon=&#8221;fa fa-circle-check&#8221; icon_color=&#8221;color-118581&#8243; heading_semantic=&#8221;p&#8221; text_font=&#8221;font-767598&#8243; text_size=&#8221;&#8221; text_weight=&#8221;400&#8243; title=&#8221;Assignaci\u00f3 de combustible amb base a consums te\u00f2rics (rendiment)&#8221;][\/vc_icon][vc_icon position=&#8221;left&#8221; title_aligned_icon=&#8221;yes&#8221; icon=&#8221;fa fa-circle-check&#8221; icon_color=&#8221;color-118581&#8243; heading_semantic=&#8221;p&#8221; text_font=&#8221;font-767598&#8243; text_size=&#8221;&#8221; text_weight=&#8221;400&#8243; title=&#8221;Validaci\u00f3 f\u00edsica RFID d&#8217;unitat a bomba de combustible&#8221;][\/vc_icon][vc_icon position=&#8221;left&#8221; title_aligned_icon=&#8221;yes&#8221; icon=&#8221;fa fa-circle-check&#8221; icon_color=&#8221;color-118581&#8243; heading_semantic=&#8221;p&#8221; text_font=&#8221;font-767598&#8243; text_size=&#8221;&#8221; text_weight=&#8221;400&#8243; title=&#8221;Control autom\u00e0tic de litres a despatxar&#8221;][\/vc_icon][vc_icon position=&#8221;left&#8221; title_aligned_icon=&#8221;yes&#8221; icon=&#8221;fa fa-circle-check&#8221; icon_color=&#8221;color-118581&#8243; heading_semantic=&#8221;p&#8221; text_font=&#8221;font-767598&#8243; text_size=&#8221;&#8221; text_weight=&#8221;400&#8243; title=&#8221;Avaluaci\u00f3 de rendiment per unitat&#8221;][\/vc_icon][\/vc_column][vc_column column_width_percent=&#8221;100&#8243; gutter_size=&#8221;1&#8243; overlay_alpha=&#8221;50&#8243; shift_x=&#8221;0&#8243; shift_y=&#8221;0&#8243; shift_y_down=&#8221;0&#8243; z_index=&#8221;0&#8243; medium_width=&#8221;0&#8243; mobile_width=&#8221;0&#8243; css_animation=&#8221;bottom-t-top&#8221; animation_delay=&#8221;200&#8243; width=&#8221;1\/4&#8243;][vc_custom_heading text_font=&#8221;font-767598&#8243; text_color=&#8221;color-370385&#8243;]2[\/vc_custom_heading][vc_icon position=&#8221;left&#8221; title_aligned_icon=&#8221;yes&#8221; icon=&#8221;fa fa-circle-check&#8221; icon_color=&#8221;color-118581&#8243; heading_semantic=&#8221;p&#8221; text_font=&#8221;font-767598&#8243; text_size=&#8221;&#8221; text_weight=&#8221;400&#8243; title=&#8221;Antena GSM\/GPRS\/EDGE\/3G&#8221;][\/vc_icon][vc_icon position=&#8221;left&#8221; title_aligned_icon=&#8221;yes&#8221; icon=&#8221;fa fa-circle-check&#8221; icon_color=&#8221;color-118581&#8243; heading_semantic=&#8221;p&#8221; text_font=&#8221;font-767598&#8243; text_size=&#8221;&#8221; text_weight=&#8221;400&#8243; title=&#8221;Mem\u00f2ria interna&#8221;][\/vc_icon][vc_icon position=&#8221;left&#8221; title_aligned_icon=&#8221;yes&#8221; icon=&#8221;fa fa-circle-check&#8221; icon_color=&#8221;color-118581&#8243; heading_semantic=&#8221;p&#8221; text_font=&#8221;font-767598&#8243; text_size=&#8221;&#8221; text_weight=&#8221;400&#8243; title=&#8221;Bateria (fins a 30 dies)&#8221;][\/vc_icon][vc_icon position=&#8221;left&#8221; title_aligned_icon=&#8221;yes&#8221; icon=&#8221;fa fa-circle-check&#8221; icon_color=&#8221;color-118581&#8243; heading_semantic=&#8221;p&#8221; text_font=&#8221;font-767598&#8243; text_size=&#8221;&#8221; text_weight=&#8221;400&#8243; title=&#8221;Acceler\u00f2metre, giroscopi i m\u00faltiples I\/O&#8217;s&#8221;][\/vc_icon][vc_empty_space empty_h=&#8221;2&#8243;][vc_separator sep_color=&#8221;color-118581&#8243; medium_visibility=&#8221;yes&#8221; mobile_visibility=&#8221;yes&#8221; el_height=&#8221;1px&#8221;][vc_empty_space empty_h=&#8221;2&#8243; medium_visibility=&#8221;yes&#8221; mobile_visibility=&#8221;yes&#8221;][vc_custom_heading text_font=&#8221;font-767598&#8243; text_color=&#8221;color-370385&#8243;]3[\/vc_custom_heading][vc_icon position=&#8221;left&#8221; title_aligned_icon=&#8221;yes&#8221; icon=&#8221;fa fa-circle-check&#8221; icon_color=&#8221;color-118581&#8243; heading_semantic=&#8221;p&#8221; text_font=&#8221;font-767598&#8243; text_size=&#8221;&#8221; text_weight=&#8221;400&#8243; title=&#8221;Sistema GPS&#8221;][\/vc_icon][\/vc_column][vc_column column_width_percent=&#8221;100&#8243; gutter_size=&#8221;1&#8243; overlay_alpha=&#8221;50&#8243; shift_x=&#8221;0&#8243; shift_y=&#8221;0&#8243; shift_y_down=&#8221;0&#8243; z_index=&#8221;0&#8243; medium_width=&#8221;0&#8243; mobile_width=&#8221;0&#8243; css_animation=&#8221;bottom-t-top&#8221; animation_delay=&#8221;300&#8243; width=&#8221;1\/4&#8243;][vc_custom_heading text_font=&#8221;font-767598&#8243; text_color=&#8221;color-370385&#8243;]4[\/vc_custom_heading][vc_icon position=&#8221;left&#8221; title_aligned_icon=&#8221;yes&#8221; icon=&#8221;fa fa-circle-check&#8221; icon_color=&#8221;color-118581&#8243; heading_semantic=&#8221;p&#8221; text_font=&#8221;font-767598&#8243; text_size=&#8221;&#8221; text_weight=&#8221;400&#8243; title=&#8221;Cel\u00b7lular&#8221;][\/vc_icon][vc_empty_space empty_h=&#8221;2&#8243;][vc_separator sep_color=&#8221;color-118581&#8243; medium_visibility=&#8221;yes&#8221; mobile_visibility=&#8221;yes&#8221; el_height=&#8221;1px&#8221;][vc_empty_space empty_h=&#8221;2&#8243; medium_visibility=&#8221;yes&#8221; mobile_visibility=&#8221;yes&#8221;][vc_custom_heading text_font=&#8221;font-767598&#8243; text_color=&#8221;color-370385&#8243;]5[\/vc_custom_heading][vc_icon position=&#8221;left&#8221; title_aligned_icon=&#8221;yes&#8221; icon=&#8221;fa fa-circle-check&#8221; icon_color=&#8221;color-118581&#8243; heading_semantic=&#8221;p&#8221; text_font=&#8221;font-767598&#8243; text_size=&#8221;&#8221; text_weight=&#8221;400&#8243; title=&#8221;Acc\u00e9s web&#8221;][\/vc_icon][vc_icon position=&#8221;left&#8221; title_aligned_icon=&#8221;yes&#8221; icon=&#8221;fa fa-circle-check&#8221; icon_color=&#8221;color-118581&#8243; heading_semantic=&#8221;p&#8221; text_font=&#8221;font-767598&#8243; text_size=&#8221;&#8221; text_weight=&#8221;400&#8243; title=&#8221;Usuaris administradors&#8221;][\/vc_icon][vc_icon position=&#8221;left&#8221; title_aligned_icon=&#8221;yes&#8221; icon=&#8221;fa fa-circle-check&#8221; icon_color=&#8221;color-118581&#8243; heading_semantic=&#8221;p&#8221; text_font=&#8221;font-767598&#8243; text_size=&#8221;&#8221; text_weight=&#8221;400&#8243; title=&#8221;Tallers&#8221;][\/vc_icon][vc_icon position=&#8221;left&#8221; title_aligned_icon=&#8221;yes&#8221; icon=&#8221;fa fa-circle-check&#8221; icon_color=&#8221;color-118581&#8243; heading_semantic=&#8221;p&#8221; text_font=&#8221;font-767598&#8243; text_size=&#8221;&#8221; text_weight=&#8221;400&#8243; title=&#8221;Centres de monitoritzaci\u00f3&#8221;][\/vc_icon][\/vc_column][vc_column column_width_percent=&#8221;100&#8243; gutter_size=&#8221;1&#8243; overlay_alpha=&#8221;50&#8243; shift_x=&#8221;0&#8243; shift_y=&#8221;0&#8243; shift_y_down=&#8221;0&#8243; z_index=&#8221;0&#8243; medium_width=&#8221;0&#8243; mobile_width=&#8221;0&#8243; css_animation=&#8221;bottom-t-top&#8221; animation_delay=&#8221;400&#8243; width=&#8221;1\/4&#8243;][vc_custom_heading text_font=&#8221;font-767598&#8243; text_color=&#8221;color-370385&#8243;]6[\/vc_custom_heading][vc_icon position=&#8221;left&#8221; title_aligned_icon=&#8221;yes&#8221; icon=&#8221;fa fa-circle-check&#8221; icon_color=&#8221;color-118581&#8243; heading_semantic=&#8221;p&#8221; text_font=&#8221;font-767598&#8243; text_size=&#8221;&#8221; text_weight=&#8221;400&#8243; title=&#8221;Servidors Cloud&#8221;][\/vc_icon][vc_empty_space empty_h=&#8221;2&#8243;][vc_separator sep_color=&#8221;color-118581&#8243; medium_visibility=&#8221;yes&#8221; mobile_visibility=&#8221;yes&#8221; el_height=&#8221;1px&#8221;][vc_empty_space empty_h=&#8221;2&#8243; medium_visibility=&#8221;yes&#8221; mobile_visibility=&#8221;yes&#8221;][vc_custom_heading text_font=&#8221;font-767598&#8243; text_color=&#8221;color-370385&#8243;]7[\/vc_custom_heading][vc_icon position=&#8221;left&#8221; title_aligned_icon=&#8221;yes&#8221; icon=&#8221;fa fa-circle-check&#8221; icon_color=&#8221;color-118581&#8243; heading_semantic=&#8221;p&#8221; text_font=&#8221;font-767598&#8243; text_size=&#8221;&#8221; text_weight=&#8221;400&#8243; title=&#8221;Interf\u00edcies a aplicacions de client&#8221;][\/vc_icon][vc_empty_space empty_h=&#8221;2&#8243;][vc_separator sep_color=&#8221;color-118581&#8243; medium_visibility=&#8221;yes&#8221; mobile_visibility=&#8221;yes&#8221; el_height=&#8221;1px&#8221;][vc_empty_space empty_h=&#8221;2&#8243; medium_visibility=&#8221;yes&#8221; mobile_visibility=&#8221;yes&#8221;][vc_custom_heading text_font=&#8221;font-767598&#8243; text_color=&#8221;color-370385&#8243;]8[\/vc_custom_heading][vc_icon position=&#8221;left&#8221; title_aligned_icon=&#8221;yes&#8221; icon=&#8221;fa fa-circle-check&#8221; icon_color=&#8221;color-118581&#8243; heading_semantic=&#8221;p&#8221; text_font=&#8221;font-767598&#8243; text_size=&#8221;&#8221; text_weight=&#8221;400&#8243; title=&#8221;Android&#8221;][\/vc_icon][vc_icon position=&#8221;left&#8221; title_aligned_icon=&#8221;yes&#8221; icon=&#8221;fa fa-circle-check&#8221; icon_color=&#8221;color-118581&#8243; heading_semantic=&#8221;p&#8221; text_font=&#8221;font-767598&#8243; text_size=&#8221;&#8221; text_weight=&#8221;400&#8243; title=&#8221;Windows phone&#8221;][\/vc_icon][vc_icon position=&#8221;left&#8221; title_aligned_icon=&#8221;yes&#8221; icon=&#8221;fa fa-circle-check&#8221; icon_color=&#8221;color-118581&#8243; heading_semantic=&#8221;p&#8221; text_font=&#8221;font-767598&#8243; text_size=&#8221;&#8221; text_weight=&#8221;400&#8243; title=&#8221;Clients&#8221;][\/vc_icon][\/vc_column][\/vc_row][vc_row row_height_percent=&#8221;0&#8243; override_padding=&#8221;yes&#8221; h_padding=&#8221;2&#8243; top_padding=&#8221;3&#8243; bottom_padding=&#8221;0&#8243; back_color=&#8221;color-854587&#8243; overlay_alpha=&#8221;50&#8243; gutter_size=&#8221;3&#8243; column_width_percent=&#8221;100&#8243; shift_y=&#8221;0&#8243; z_index=&#8221;0&#8243;][vc_column width=&#8221;3\/12&#8243;][\/vc_column][vc_column column_width_percent=&#8221;100&#8243; align_horizontal=&#8221;align_center&#8221; gutter_size=&#8221;2&#8243; overlay_alpha=&#8221;50&#8243; shift_x=&#8221;0&#8243; shift_y=&#8221;0&#8243; shift_y_down=&#8221;0&#8243; z_index=&#8221;0&#8243; medium_width=&#8221;0&#8243; mobile_width=&#8221;0&#8243; css_animation=&#8221;bottom-t-top&#8221; animation_delay=&#8221;100&#8243; width=&#8221;6\/12&#8243;][vc_custom_heading heading_semantic=&#8221;h5&#8243; text_font=&#8221;font-767598&#8243; text_size=&#8221;h5&#8243; text_weight=&#8221;500&#8243; text_color=&#8221;color-xsdn&#8221;]Gesti\u00f3 Integral de Manteniment[\/vc_custom_heading][vc_custom_heading text_font=&#8221;font-767598&#8243; text_weight=&#8221;600&#8243; text_color=&#8221;color-xsdn&#8221;]GMAO, amb &#8216;G&#8217; de GIM[\/vc_custom_heading][\/vc_column][vc_column width=&#8221;3\/12&#8243;][\/vc_column][\/vc_row][vc_row row_height_percent=&#8221;0&#8243; override_padding=&#8221;yes&#8221; h_padding=&#8221;2&#8243; top_padding=&#8221;2&#8243; bottom_padding=&#8221;0&#8243; back_color=&#8221;color-854587&#8243; overlay_alpha=&#8221;50&#8243; gutter_size=&#8221;3&#8243; column_width_percent=&#8221;100&#8243; shift_y=&#8221;0&#8243; z_index=&#8221;0&#8243;][vc_column column_width_percent=&#8221;100&#8243; align_horizontal=&#8221;align_right&#8221; gutter_size=&#8221;3&#8243; overlay_alpha=&#8221;50&#8243; shift_x=&#8221;0&#8243; shift_y=&#8221;0&#8243; shift_y_down=&#8221;0&#8243; z_index=&#8221;0&#8243; align_medium=&#8221;align_center_tablet&#8221; medium_width=&#8221;0&#8243; align_mobile=&#8221;align_center_mobile&#8221; mobile_width=&#8221;0&#8243; css_animation=&#8221;bottom-t-top&#8221; animation_delay=&#8221;100&#8243; width=&#8221;1\/2&#8243;][vc_button button_color=&#8221;color-370385&#8243; radius=&#8221;btn-circle&#8221; hover_fx=&#8221;full-colored&#8221; custom_typo=&#8221;yes&#8221; font_family=&#8221;font-767598&#8243; font_weight=&#8221;700&#8243; text_transform=&#8221;uppercase&#8221; border_width=&#8221;0&#8243; link=&#8221;url:%2Fca%2Fgim-v11%2F|title:Gim%20v11&#8243;]DESCOBREIX EL GIM V11 \u2192[\/vc_button][\/vc_column][vc_column column_width_percent=&#8221;100&#8243; gutter_size=&#8221;3&#8243; style=&#8221;dark&#8221; overlay_alpha=&#8221;50&#8243; shift_x=&#8221;0&#8243; shift_y=&#8221;0&#8243; shift_y_down=&#8221;0&#8243; z_index=&#8221;0&#8243; align_medium=&#8221;align_center_tablet&#8221; medium_width=&#8221;0&#8243; align_mobile=&#8221;align_center_mobile&#8221; mobile_width=&#8221;0&#8243; css_animation=&#8221;bottom-t-top&#8221; animation_delay=&#8221;100&#8243; width=&#8221;1\/2&#8243;][vc_button button_color=&#8221;color-xsdn&#8221; radius=&#8221;btn-circle&#8221; hover_fx=&#8221;full-colored&#8221; custom_typo=&#8221;yes&#8221; font_family=&#8221;font-767598&#8243; font_weight=&#8221;700&#8243; text_transform=&#8221;uppercase&#8221; border_width=&#8221;0&#8243; link=&#8221;url:%2Fca%2Fcontacto%2F|title:Contacte&#8221;]SOL\u00b7LICITA UNA DEMO \u2192[\/vc_button][\/vc_column][\/vc_row][vc_row row_height_percent=&#8221;0&#8243; back_color=&#8221;color-854587&#8243; overlay_alpha=&#8221;50&#8243; gutter_size=&#8221;3&#8243; column_width_percent=&#8221;100&#8243; shift_y=&#8221;0&#8243; z_index=&#8221;0&#8243;][vc_column width=&#8221;1\/1&#8243;][vc_empty_space empty_h=&#8221;2&#8243;][\/vc_column][\/vc_row]<\/p>\n<\/div>","protected":false},"excerpt":{"rendered":"<p>[vc_row row_height_percent=&#8221;0&#8243; override_padding=&#8221;yes&#8221; h_padding=&#8221;2&#8243; top_padding=&#8221;3&#8243; bottom_padding=&#8221;2&#8243; overlay_alpha=&#8221;50&#8243; gutter_size=&#8221;3&#8243; column_width_percent=&#8221;100&#8243; shift_y=&#8221;0&#8243; z_index=&#8221;0&#8243;][vc_column column_width_percent=&#8221;100&#8243; gutter_size=&#8221;0&#8243; overlay_alpha=&#8221;50&#8243; shift_x=&#8221;0&#8243; shift_y=&#8221;0&#8243; shift_y_down=&#8221;0&#8243; z_index=&#8221;0&#8243; medium_width=&#8221;0&#8243; mobile_width=&#8221;0&#8243; [&hellip;]<\/p>\n","protected":false},"author":1,"featured_media":0,"parent":0,"menu_order":0,"comment_status":"closed","ping_status":"closed","template":"","meta":{"footnotes":""},"class_list":["post-85460","page","type-page","status-publish","hentry"],"yoast_head":"<!-- This site is optimized with the Yoast SEO plugin v26.1.1 - https:\/\/yoast.com\/wordpress\/plugins\/seo\/ -->\n<title>Telemetria - TCMAN<\/title>\n<meta name=\"robots\" content=\"index, follow, max-snippet:-1, max-image-preview:large, max-video-preview:-1\" \/>\n<link rel=\"canonical\" href=\"https:\/\/tcman.com\/telemetria\/\" \/>\n<meta property=\"og:locale\" content=\"ca_ES\" \/>\n<meta property=\"og:type\" content=\"article\" \/>\n<meta property=\"og:title\" content=\"Telemetria - TCMAN\" \/>\n<meta property=\"og:description\" content=\"[vc_row row_height_percent=&#8221;0&#8243; override_padding=&#8221;yes&#8221; h_padding=&#8221;2&#8243; top_padding=&#8221;3&#8243; bottom_padding=&#8221;2&#8243; overlay_alpha=&#8221;50&#8243; gutter_size=&#8221;3&#8243; column_width_percent=&#8221;100&#8243; shift_y=&#8221;0&#8243; z_index=&#8221;0&#8243;][vc_column column_width_percent=&#8221;100&#8243; gutter_size=&#8221;0&#8243; overlay_alpha=&#8221;50&#8243; shift_x=&#8221;0&#8243; shift_y=&#8221;0&#8243; shift_y_down=&#8221;0&#8243; z_index=&#8221;0&#8243; medium_width=&#8221;0&#8243; mobile_width=&#8221;0&#8243; [&hellip;]\" \/>\n<meta property=\"og:url\" content=\"https:\/\/tcman.com\/telemetria\/\" \/>\n<meta property=\"og:site_name\" content=\"TCMAN\" \/>\n<meta property=\"article:modified_time\" content=\"2021-06-28T14:40:47+00:00\" \/>\n<meta name=\"twitter:card\" content=\"summary_large_image\" \/>\n<meta name=\"twitter:label1\" content=\"Temps estimat de lectura\" \/>\n\t<meta name=\"twitter:data1\" content=\"8 minuts\" \/>\n<script type=\"application\/ld+json\" class=\"yoast-schema-graph\">{\"@context\":\"https:\/\/schema.org\",\"@graph\":[{\"@type\":\"WebPage\",\"@id\":\"https:\/\/tcman.com\/telemetria\/\",\"url\":\"https:\/\/tcman.com\/telemetria\/\",\"name\":\"Telemetria - TCMAN\",\"isPartOf\":{\"@id\":\"https:\/\/tcman.com\/#website\"},\"datePublished\":\"2021-06-28T07:36:42+00:00\",\"dateModified\":\"2021-06-28T14:40:47+00:00\",\"breadcrumb\":{\"@id\":\"https:\/\/tcman.com\/telemetria\/#breadcrumb\"},\"inLanguage\":\"ca\",\"potentialAction\":[{\"@type\":\"ReadAction\",\"target\":[\"https:\/\/tcman.com\/telemetria\/\"]}]},{\"@type\":\"BreadcrumbList\",\"@id\":\"https:\/\/tcman.com\/telemetria\/#breadcrumb\",\"itemListElement\":[{\"@type\":\"ListItem\",\"position\":1,\"name\":\"Portada\",\"item\":\"https:\/\/tcman.com\/ca\/\"},{\"@type\":\"ListItem\",\"position\":2,\"name\":\"Telemetria\"}]},{\"@type\":\"WebSite\",\"@id\":\"https:\/\/tcman.com\/#website\",\"url\":\"https:\/\/tcman.com\/\",\"name\":\"TCMAN\",\"description\":\"Especialistas GMAO, gesti\u00f3n activos, mantenimientos.\",\"potentialAction\":[{\"@type\":\"SearchAction\",\"target\":{\"@type\":\"EntryPoint\",\"urlTemplate\":\"https:\/\/tcman.com\/?s={search_term_string}\"},\"query-input\":{\"@type\":\"PropertyValueSpecification\",\"valueRequired\":true,\"valueName\":\"search_term_string\"}}],\"inLanguage\":\"ca\"}]}<\/script>\n<!-- \/ Yoast SEO plugin. -->","yoast_head_json":{"title":"Telemetria - TCMAN","robots":{"index":"index","follow":"follow","max-snippet":"max-snippet:-1","max-image-preview":"max-image-preview:large","max-video-preview":"max-video-preview:-1"},"canonical":"https:\/\/tcman.com\/telemetria\/","og_locale":"ca_ES","og_type":"article","og_title":"Telemetria - TCMAN","og_description":"[vc_row row_height_percent=&#8221;0&#8243; override_padding=&#8221;yes&#8221; h_padding=&#8221;2&#8243; top_padding=&#8221;3&#8243; bottom_padding=&#8221;2&#8243; overlay_alpha=&#8221;50&#8243; gutter_size=&#8221;3&#8243; column_width_percent=&#8221;100&#8243; shift_y=&#8221;0&#8243; z_index=&#8221;0&#8243;][vc_column column_width_percent=&#8221;100&#8243; gutter_size=&#8221;0&#8243; overlay_alpha=&#8221;50&#8243; shift_x=&#8221;0&#8243; shift_y=&#8221;0&#8243; shift_y_down=&#8221;0&#8243; z_index=&#8221;0&#8243; medium_width=&#8221;0&#8243; mobile_width=&#8221;0&#8243; [&hellip;]","og_url":"https:\/\/tcman.com\/telemetria\/","og_site_name":"TCMAN","article_modified_time":"2021-06-28T14:40:47+00:00","twitter_card":"summary_large_image","twitter_misc":{"Temps estimat de lectura":"8 minuts"},"schema":{"@context":"https:\/\/schema.org","@graph":[{"@type":"WebPage","@id":"https:\/\/tcman.com\/telemetria\/","url":"https:\/\/tcman.com\/telemetria\/","name":"Telemetria - TCMAN","isPartOf":{"@id":"https:\/\/tcman.com\/#website"},"datePublished":"2021-06-28T07:36:42+00:00","dateModified":"2021-06-28T14:40:47+00:00","breadcrumb":{"@id":"https:\/\/tcman.com\/telemetria\/#breadcrumb"},"inLanguage":"ca","potentialAction":[{"@type":"ReadAction","target":["https:\/\/tcman.com\/telemetria\/"]}]},{"@type":"BreadcrumbList","@id":"https:\/\/tcman.com\/telemetria\/#breadcrumb","itemListElement":[{"@type":"ListItem","position":1,"name":"Portada","item":"https:\/\/tcman.com\/ca\/"},{"@type":"ListItem","position":2,"name":"Telemetria"}]},{"@type":"WebSite","@id":"https:\/\/tcman.com\/#website","url":"https:\/\/tcman.com\/","name":"TCMAN","description":"Especialistas GMAO, gesti\u00f3n activos, mantenimientos.","potentialAction":[{"@type":"SearchAction","target":{"@type":"EntryPoint","urlTemplate":"https:\/\/tcman.com\/?s={search_term_string}"},"query-input":{"@type":"PropertyValueSpecification","valueRequired":true,"valueName":"search_term_string"}}],"inLanguage":"ca"}]}},"_links":{"self":[{"href":"https:\/\/tcman.com\/ca\/wp-json\/wp\/v2\/pages\/85460","targetHints":{"allow":["GET"]}}],"collection":[{"href":"https:\/\/tcman.com\/ca\/wp-json\/wp\/v2\/pages"}],"about":[{"href":"https:\/\/tcman.com\/ca\/wp-json\/wp\/v2\/types\/page"}],"author":[{"embeddable":true,"href":"https:\/\/tcman.com\/ca\/wp-json\/wp\/v2\/users\/1"}],"replies":[{"embeddable":true,"href":"https:\/\/tcman.com\/ca\/wp-json\/wp\/v2\/comments?post=85460"}],"version-history":[{"count":18,"href":"https:\/\/tcman.com\/ca\/wp-json\/wp\/v2\/pages\/85460\/revisions"}],"predecessor-version":[{"id":85608,"href":"https:\/\/tcman.com\/ca\/wp-json\/wp\/v2\/pages\/85460\/revisions\/85608"}],"wp:attachment":[{"href":"https:\/\/tcman.com\/ca\/wp-json\/wp\/v2\/media?parent=85460"}],"curies":[{"name":"wp","href":"https:\/\/api.w.org\/{rel}","templated":true}]}}